{"id":998,"date":"2024-02-19T11:14:56","date_gmt":"2024-02-19T11:14:56","guid":{"rendered":"https:\/\/ioanna.notusreisen.de\/rodokipo-chalkidiki-2500-mq\/"},"modified":"2024-03-11T20:04:05","modified_gmt":"2024-03-11T20:04:05","slug":"rodokipo-chalkidiki-2500-mq","status":"publish","type":"page","link":"https:\/\/villaioanna.com\/de\/rodokipo-chalkidiki-2500-mq\/","title":{"rendered":"Rodokipo Chalkidiki 2500 mq."},"content":{"rendered":"<p>[et_pb_section fb_built=&#8220;1&#8243; fullwidth=&#8220;on&#8220; _builder_version=&#8220;4.21.0&#8243; _module_preset=&#8220;default&#8220; animation_style=&#8220;fold&#8220; global_colors_info=&#8220;{}&#8220;][et_pb_fullwidth_image src=&#8220;https:\/\/villaioanna.com\/wp-content\/uploads\/2024\/02\/real-1.png&#8220; alt=&#8220;Immobilien&#8220; title_text=&#8220;real&#8220; _builder_version=&#8220;4.21.0&#8243; _module_preset=&#8220;default&#8220; global_colors_info=&#8220;{}&#8220;][\/et_pb_fullwidth_image][\/et_pb_section][et_pb_section fb_built=&#8220;1&#8243; admin_label=&#8220;About&#8220; _builder_version=&#8220;4.21.0&#8243; _module_preset=&#8220;default&#8220; background_color=&#8220;gcid-f8656843-579e-485d-8831-5a7fce16306b&#8220; locked=&#8220;off&#8220; collapsed=&#8220;on&#8220; global_colors_info=&#8220;{%22gcid-f8656843-579e-485d-8831-5a7fce16306b%22:%91%22background_color%22%93}&#8220;][et_pb_row _builder_version=&#8220;4.22.0&#8243; _module_preset=&#8220;default&#8220; global_colors_info=&#8220;{}&#8220;][et_pb_column type=&#8220;4_4&#8243; _builder_version=&#8220;4.22.0&#8243; _module_preset=&#8220;default&#8220; global_colors_info=&#8220;{}&#8220;][et_pb_text _builder_version=&#8220;4.21.0&#8243; _module_preset=&#8220;c21cc7e4-a7a5-4632-a8b3-0e548b33865a&#8220; custom_margin=&#8220;||10px||false|false&#8220; custom_padding=&#8220;||0px|||&#8220; global_colors_info=&#8220;{}&#8220;]<\/p>\n<h2 class=\"entry-title\">Grundst\u00fcck von 2500 Quadratmetern. in Rodokipo Halkidiki zu verkaufen.<\/h2>\n<p>[\/et_pb_text][et_pb_image src=&#8220;https:\/\/villaioanna.com\/wp-content\/uploads\/2024\/02\/4-Aloni-5-1.jpg&#8220; alt=&#8220;Aloni&#8220; title_text=&#8220;4-Aloni-5 (1)&#8220; _builder_version=&#8220;4.21.0&#8243; _module_preset=&#8220;default&#8220; global_colors_info=&#8220;{}&#8220;][\/et_pb_image][et_pb_text _builder_version=&#8220;4.21.0&#8243; _module_preset=&#8220;default&#8220; global_colors_info=&#8220;{}&#8220;]<\/p>\n<h4 class=\"et_pb_module_header\"><strong><span style=\"color: #ffffff; font-size: small;\">Standort &#8222;Aloni&#8220;, Gebiet mit au\u00dfergew\u00f6hnlich hoher Bebauung, leicht zu bewirtschaftende Parzelle, Front zur Stadtstra\u00dfe, bew\u00e4sserbar, einfache M\u00f6glichkeit der Stromversorgung, Entfernung von Thessaloniki: 40 km, Entfernung vom Meer: 3000 Meter, Entfernung vom Dorf Rodokipos: 100 Meter, Entfernung von aktuellen H\u00e4usern: 20 Meter, Leichte Ann\u00e4herung an das Meer, Bebaubare Parzelle, geschlossen zum Stadtplan, Ideale Parzelle f\u00fcr Investition in der N\u00e4he der Stadt Thessaloniki. 10 Olivenb\u00e4ume Sorte von Chalkidiki, in der Parzelle enthalten. Verwaltungsm\u00e4\u00dfig geh\u00f6rt Rodokipos zur Gemeinde Propontidas (Moudanion-Kallikrateias).<\/span><\/strong><\/h4>\n<div><\/div>\n<p>[\/et_pb_text][et_pb_gallery gallery_ids=&#8220;249,250,251,248&#8243; show_title_and_caption=&#8220;off&#8220; show_pagination=&#8220;off&#8220; _builder_version=&#8220;4.21.0&#8243; _module_preset=&#8220;default&#8220; global_colors_info=&#8220;{}&#8220;][\/et_pb_gallery][\/et_pb_column][\/et_pb_row][\/et_pb_section][et_pb_section fb_built=&#8220;1&#8243; admin_label=&#8220;Footer Copyright&#8220; _builder_version=&#8220;4.22.0&#8243; _module_preset=&#8220;default&#8220; background_color=&#8220;#000000&#8243; custom_padding=&#8220;0px||0px||true|false&#8220; collapsed=&#8220;on&#8220; global_colors_info=&#8220;{}&#8220;][et_pb_row _builder_version=&#8220;4.22.0&#8243; _module_preset=&#8220;default&#8220; global_colors_info=&#8220;{}&#8220;][et_pb_column type=&#8220;4_4&#8243; _builder_version=&#8220;4.22.0&#8243; _module_preset=&#8220;default&#8220; global_colors_info=&#8220;{}&#8220;][et_pb_text _builder_version=&#8220;4.22.0&#8243; _dynamic_attributes=&#8220;content&#8220; _module_preset=&#8220;c3ffe61a-3a25-474b-8f5a-3bb335c0ef0b&#8220; text_orientation=&#8220;center&#8220; global_colors_info=&#8220;{}&#8220;]@ET-DC@eyJkeW5hbWljIjp0cnVlLCJjb250ZW50IjoiY3VycmVudF9kYXRlIiwic2V0dGluZ3MiOnsiYmVmb3JlIjoiQ29weXJpZ2h0IFx1MDBhOSAiLCJhZnRlciI6IiBEaXZpLiBBbGwgUmlnaHRzIFJlc2VydmVkLiIsImRhdGVfZm9ybWF0IjoiY3VzdG9tIiwiY3VzdG9tX2RhdGVfZm9ybWF0IjoiWSJ9fQ==@[\/et_pb_text][\/et_pb_column][\/et_pb_row][\/et_pb_section]<\/p>\n","protected":false},"excerpt":{"rendered":"<p>Grundst\u00fcck von 2500 Quadratmetern. in Rodokipo Halkidiki zu verkaufen.Standort &#8222;Aloni&#8220;, Gebiet mit au\u00dfergew\u00f6hnlich hoher Bebauung, leicht zu bewirtschaftende Parzelle, Front zur Stadtstra\u00dfe, bew\u00e4sserbar, einfache M\u00f6glichkeit der Stromversorgung, Entfernung von Thessaloniki: 40 km, Entfernung vom Meer: 3000 Meter, Entfernung vom Dorf Rodokipos: 100 Meter, Entfernung von aktuellen H\u00e4usern: 20 Meter, Leichte Ann\u00e4herung an das Meer, Bebaubare [&hellip;]<\/p>\n","protected":false},"author":1,"featured_media":0,"parent":0,"menu_order":0,"comment_status":"closed","ping_status":"closed","template":"","meta":{"_et_pb_use_builder":"on","_et_pb_old_content":"","_et_gb_content_width":"","footnotes":""},"class_list":["post-998","page","type-page","status-publish","hentry"],"_links":{"self":[{"href":"https:\/\/villaioanna.com\/de\/wp-json\/wp\/v2\/pages\/998","targetHints":{"allow":["GET"]}}],"collection":[{"href":"https:\/\/villaioanna.com\/de\/wp-json\/wp\/v2\/pages"}],"about":[{"href":"https:\/\/villaioanna.com\/de\/wp-json\/wp\/v2\/types\/page"}],"author":[{"embeddable":true,"href":"https:\/\/villaioanna.com\/de\/wp-json\/wp\/v2\/users\/1"}],"replies":[{"embeddable":true,"href":"https:\/\/villaioanna.com\/de\/wp-json\/wp\/v2\/comments?post=998"}],"version-history":[{"count":2,"href":"https:\/\/villaioanna.com\/de\/wp-json\/wp\/v2\/pages\/998\/revisions"}],"predecessor-version":[{"id":1000,"href":"https:\/\/villaioanna.com\/de\/wp-json\/wp\/v2\/pages\/998\/revisions\/1000"}],"wp:attachment":[{"href":"https:\/\/villaioanna.com\/de\/wp-json\/wp\/v2\/media?parent=998"}],"curies":[{"name":"wp","href":"https:\/\/api.w.org\/{rel}","templated":true}]}}