{"id":995,"date":"2024-02-19T11:05:04","date_gmt":"2024-02-19T11:05:04","guid":{"rendered":"https:\/\/ioanna.notusreisen.de\/immobilien\/"},"modified":"2024-04-15T09:58:32","modified_gmt":"2024-04-15T09:58:32","slug":"immobilien","status":"publish","type":"page","link":"https:\/\/villaioanna.com\/de\/immobilien\/","title":{"rendered":"Immobilien"},"content":{"rendered":"<p>[et_pb_section fb_built=&#8220;1&#8243; fullwidth=&#8220;on&#8220; _builder_version=&#8220;4.21.0&#8243; _module_preset=&#8220;default&#8220; global_colors_info=&#8220;{}&#8220;][et_pb_fullwidth_image src=&#8220;https:\/\/villaioanna.com\/wp-content\/uploads\/2024\/02\/real-1.png&#8220; alt=&#8220;Immobilien&#8220; title_text=&#8220;real&#8220; _builder_version=&#8220;4.21.0&#8243; _module_preset=&#8220;default&#8220; global_colors_info=&#8220;{}&#8220;][\/et_pb_fullwidth_image][\/et_pb_section][et_pb_section fb_built=&#8220;1&#8243; admin_label=&#8220;About&#8220; _builder_version=&#8220;4.21.0&#8243; _module_preset=&#8220;default&#8220; background_color=&#8220;gcid-f8656843-579e-485d-8831-5a7fce16306b&#8220; locked=&#8220;off&#8220; collapsed=&#8220;on&#8220; global_colors_info=&#8220;{%22gcid-f8656843-579e-485d-8831-5a7fce16306b%22:%91%22background_color%22%93}&#8220;][et_pb_row _builder_version=&#8220;4.22.0&#8243; _module_preset=&#8220;default&#8220; global_colors_info=&#8220;{}&#8220;][et_pb_column type=&#8220;4_4&#8243; _builder_version=&#8220;4.22.0&#8243; _module_preset=&#8220;default&#8220; global_colors_info=&#8220;{}&#8220;][et_pb_text _builder_version=&#8220;4.21.0&#8243; _module_preset=&#8220;c21cc7e4-a7a5-4632-a8b3-0e548b33865a&#8220; custom_margin=&#8220;||10px||false|false&#8220; global_colors_info=&#8220;{}&#8220;]<\/p>\n<h1><span style=\"color: #fcfcfc;\">Immobilien<\/span><\/h1>\n<p>[\/et_pb_text][et_pb_text _builder_version=&#8220;4.21.0&#8243; _module_preset=&#8220;default&#8220; global_colors_info=&#8220;{}&#8220;]<\/p>\n<h4 class=\"et_pb_module_header\"><span style=\"color: #f7f7f7;\">Nikos Kallimanis<\/span><\/h4>\n<div>\n<p><span style=\"color: #f7f7f7;\">Sind Sie interessiert?<\/span><br \/><span style=\"color: #f7f7f7;\">Kontakt:<\/span><br \/><span style=\"color: #f7f7f7;\">Nikos Kallimanis<\/span><br \/><span style=\"color: #f7f7f7;\">(p): +306973353513<\/span><br \/><span style=\"color: #f7f7f7;\">e-mail: n.kalllimanis@otenet.gr<\/span><\/p>\n<\/div>\n<p>[\/et_pb_text][\/et_pb_column][\/et_pb_row][et_pb_row column_structure=&#8220;1_3,1_3,1_3&#8243; _builder_version=&#8220;4.22.0&#8243; _module_preset=&#8220;default&#8220; global_colors_info=&#8220;{}&#8220;][et_pb_column type=&#8220;1_3&#8243; _builder_version=&#8220;4.22.0&#8243; _module_preset=&#8220;default&#8220; global_colors_info=&#8220;{}&#8220;][et_pb_blurb title=&#8220;Grundst\u00fcck von 2500 Quadratmetern. in Rodokipo Halkidiki zu verkaufen.&#8220; image=&#8220;https:\/\/villaioanna.com\/wp-content\/uploads\/2024\/02\/4-Aloni-5-1.jpg&#8220; alt=&#8220;Aloni&#8220; _builder_version=&#8220;4.21.0&#8243; _module_preset=&#8220;default&#8220; background_color=&#8220;gcid-a78648ce-ca5f-47d7-a6a2-1ba9801e969b&#8220; inline_fonts=&#8220;Abyssinica SIL&#8220; global_colors_info=&#8220;{%22gcid-a78648ce-ca5f-47d7-a6a2-1ba9801e969b%22:%91%22background_color%22%93}&#8220;]<\/p>\n<h2 class=\"entry-title\"><span style=\"font-family: inherit; font-weight: normal; font-size: medium;\">Standort &#8222;Aloni&#8220;, Gebiet von au\u00dfergew\u00f6hnlich hoher Entwicklung, Parzelle leicht zu nutzen, Front zu Stadtstra\u00dfe, bew\u00e4sserbar, leichte M\u00f6glichkeit, Strom zu liefern, Entfernung von Thessaloniki: 40 km, Entfernung vom Meer: 3000 Meter, Entfernung vom Dorf Rodokipos: &#8230;.<\/span><\/h2>\n<p><a href=\"https:\/\/villaioanna.com\/de\/rodokipo-chalkidiki-2500-mq\/\"><strong><span style=\"color: #0db5e8;\"> mehr lesen<\/span><\/strong><\/a><\/p>\n<p>&nbsp;<\/p>\n<p>[\/et_pb_blurb][\/et_pb_column][et_pb_column type=&#8220;1_3&#8243; _builder_version=&#8220;4.22.0&#8243; _module_preset=&#8220;default&#8220; global_colors_info=&#8220;{}&#8220;][et_pb_blurb title=&#8220;Grundst\u00fcck von 27.000 Quadratmetern. in Sithonia Halkidiki (Metamorfosi) f\u00fcr die Mitverwaltung.&#8220; image=&#8220;https:\/\/villaioanna.com\/wp-content\/uploads\/2024\/02\/2.-Metamorfosi-Sidero-\u03a0\u03b1\u03c0\u03b1\u03c2.jpg&#8220; alt=&#8220; Metamorfosi&#8220; _builder_version=&#8220;4.21.0&#8243; _module_preset=&#8220;default&#8220; background_color=&#8220;gcid-a78648ce-ca5f-47d7-a6a2-1ba9801e969b&#8220; global_colors_info=&#8220;{%22gcid-a78648ce-ca5f-47d7-a6a2-1ba9801e969b%22:%91%22background_color%22%93}&#8220;]<\/p>\n<p><span style=\"font-size: medium;\">Lage &#8222;Sidero&#8220;, Bereich der au\u00dfergew\u00f6hnlich hohe Entwicklung, Panorama-Parzelle leicht f\u00fcr die Nutzung, Front zur Landstra\u00dfe, Bew\u00e4sserungsf\u00e4hig, Einfache F\u00e4higkeit, Strom zu liefern, Fantastischer Panoramablick auf das Meer des Golfs Toronaios, Entfernung vom Meer: 600 Meter, Entfernung&#8230;<\/span><\/p>\n<p><a href=\"https:\/\/villaioanna.com\/de\/sithonia-halkidiki-metamorfosi-27-000-qm\/\"><span style=\"color: #0db5e8;\"><strong>mehr lesen<\/strong><\/span><\/a><span style=\"font-size: medium;\"><\/span><\/p>\n<p><span style=\"font-size: medium;\"><\/span><\/p>\n<p>[\/et_pb_blurb][\/et_pb_column][et_pb_column type=&#8220;1_3&#8243; _builder_version=&#8220;4.21.0&#8243; _module_preset=&#8220;default&#8220; global_colors_info=&#8220;{}&#8220;][et_pb_blurb title=&#8220;Grundst\u00fcck von 902 Quadratmetern. in Rodokipo Halkidiki zu verkaufen.&#8220; image=&#8220;https:\/\/villaioanna.com\/wp-content\/uploads\/2024\/02\/5.-oikopedo-2.jpg&#8220; alt=&#8220;Rodokipo&#8220; _builder_version=&#8220;4.21.0&#8243; _module_preset=&#8220;default&#8220; background_color=&#8220;gcid-a78648ce-ca5f-47d7-a6a2-1ba9801e969b&#8220; inline_fonts=&#8220;Abyssinica SIL&#8220; global_colors_info=&#8220;{%22gcid-a78648ce-ca5f-47d7-a6a2-1ba9801e969b%22:%91%22background_color%22%93}&#8220;]<\/p>\n<h2 class=\"entry-title\"><span style=\"font-size: medium;\">Standort &#8222;Rodokipos&#8220;, Gebiet von au\u00dfergew\u00f6hnlich hoher Entwicklung, Parzelle leicht zu nutzen, Front zur Stadtstra\u00dfe, bew\u00e4sserbar, leichte M\u00f6glichkeit, Strom zu liefern, Entfernung von Thessaloniki: 40 km, Entfernung vom Meer: 3000 Meter, Leichte Ann\u00e4herung an das Meer,&#8230;<\/span><\/h2>\n<p><a href=\"https:\/\/villaioanna.com\/de\/rodokipo-chalkidiki-902-mq\/\"><strong><span style=\"color: #0db5e8;\"> mehr lesen<\/span><\/strong><\/a><\/p>\n<p>&nbsp;<\/p>\n<p>[\/et_pb_blurb][\/et_pb_column][\/et_pb_row][et_pb_row column_structure=&#8220;1_3,1_3,1_3&#8243; _builder_version=&#8220;4.22.0&#8243; _module_preset=&#8220;default&#8220; global_colors_info=&#8220;{}&#8220;][et_pb_column type=&#8220;1_3&#8243; _builder_version=&#8220;4.22.0&#8243; _module_preset=&#8220;default&#8220; global_colors_info=&#8220;{}&#8220;][et_pb_blurb title=&#8220;Grundst\u00fcck von 4000 Quadratmetern. in Rodokipo Halkidiki zu verkaufen.&#8220; image=&#8220;https:\/\/villaioanna.com\/wp-content\/uploads\/2024\/02\/3.-Kenourgies-elies-1-1.jpg&#8220; alt=&#8220;Rodokipo&#8220; _builder_version=&#8220;4.21.0&#8243; _module_preset=&#8220;default&#8220; background_color=&#8220;gcid-a78648ce-ca5f-47d7-a6a2-1ba9801e969b&#8220; inline_fonts=&#8220;Abyssinica SIL&#8220; global_colors_info=&#8220;{%22gcid-a78648ce-ca5f-47d7-a6a2-1ba9801e969b%22:%91%22background_color%22%93}&#8220;]<\/p>\n<h2 class=\"entry-title\"><span style=\"font-family: inherit; font-weight: normal; font-size: medium;\"><span>Lage &#8222;Kenourgies elies&#8220;, Gebiet mit au\u00dfergew\u00f6hnlich hoher Bebauung, Panoramaparzelle leicht zu nutzen, Front zur Stadtstra\u00dfe, bew\u00e4sserbar, einfache M\u00f6glichkeit der Stromversorgung, fantastischer Panoramablick auf die Thermaikos-Bucht, Entfernung von Thessaloniki: 40 km,&#8230;<\/span><\/span><\/h2>\n<p><a href=\"https:\/\/villaioanna.com\/de\/rodokipo-chalkidiki-4000-qm\/\"><strong><span style=\"color: #0db5e8;\"> mehr lesen<\/span><\/strong><\/a><\/p>\n<p>&nbsp;<\/p>\n<p>[\/et_pb_blurb][\/et_pb_column][et_pb_column type=&#8220;1_3&#8243; _builder_version=&#8220;4.22.0&#8243; _module_preset=&#8220;default&#8220; global_colors_info=&#8220;{}&#8220;][et_pb_blurb title=&#8220;Grundst\u00fcck von 24.000 Quadratmetern. in Sithonia Halkidiki (Metamorfosi) f\u00fcr die Mitverwaltung.&#8220; image=&#8220;https:\/\/villaioanna.com\/wp-content\/uploads\/2024\/02\/img2.jpg&#8220; alt=&#8220;Sithonia Chalkidiki&#8220; _builder_version=&#8220;4.21.0&#8243; _module_preset=&#8220;default&#8220; background_color=&#8220;gcid-a78648ce-ca5f-47d7-a6a2-1ba9801e969b&#8220; global_colors_info=&#8220;{%22gcid-a78648ce-ca5f-47d7-a6a2-1ba9801e969b%22:%91%22background_color%22%93}&#8220; disabled_on=&#8220;on|on|on&#8220; disabled=&#8220;on&#8220;]<\/p>\n<p><span style=\"font-size: medium;\">Lage &#8222;Sidero&#8220;, Bereich der au\u00dfergew\u00f6hnlich hohe Entwicklung, Panorama-Parzelle leicht f\u00fcr die Nutzung, Front zu Landstra\u00dfe, Bew\u00e4sserungsf\u00e4hig, Einfache F\u00e4higkeit, Strom zu liefern, Fantastischer Panoramablick auf das Meer des Golfs Toronaios, Entfernung vom Meer: 500 Meter,&#8230;<\/span><\/p>\n<p><a href=\"https:\/\/villaioanna.com\/de\/sithonia-chalkidiki-24-000-qm\/\"><span style=\"color: #0db5e8;\"><strong>mehr lesen<\/strong><\/span><\/a><span style=\"font-size: medium;\"><\/span><\/p>\n<p><span style=\"font-size: medium;\"><\/span><\/p>\n<p>[\/et_pb_blurb][\/et_pb_column][et_pb_column type=&#8220;1_3&#8243; _builder_version=&#8220;4.21.0&#8243; _module_preset=&#8220;default&#8220; global_colors_info=&#8220;{}&#8220;][\/et_pb_column][\/et_pb_row][\/et_pb_section][et_pb_section fb_built=&#8220;1&#8243; admin_label=&#8220;Footer Copyright&#8220; _builder_version=&#8220;4.22.0&#8243; _module_preset=&#8220;default&#8220; background_color=&#8220;#000000&#8243; custom_padding=&#8220;0px||0px||true|false&#8220; collapsed=&#8220;on&#8220; global_colors_info=&#8220;{}&#8220;][et_pb_row _builder_version=&#8220;4.22.0&#8243; _module_preset=&#8220;default&#8220; global_colors_info=&#8220;{}&#8220;][et_pb_column type=&#8220;4_4&#8243; _builder_version=&#8220;4.22.0&#8243; _module_preset=&#8220;default&#8220; global_colors_info=&#8220;{}&#8220;][et_pb_text _builder_version=&#8220;4.22.0&#8243; _dynamic_attributes=&#8220;content&#8220; _module_preset=&#8220;c3ffe61a-3a25-474b-8f5a-3bb335c0ef0b&#8220; text_orientation=&#8220;center&#8220; global_colors_info=&#8220;{}&#8220;]@ET-DC@eyJkeW5hbWljIjp0cnVlLCJjb250ZW50IjoiY3VycmVudF9kYXRlIiwic2V0dGluZ3MiOnsiYmVmb3JlIjoiQ29weXJpZ2h0IFx1MDBhOSAiLCJhZnRlciI6IiBEaXZpLiBBbGwgUmlnaHRzIFJlc2VydmVkLiIsImRhdGVfZm9ybWF0IjoiY3VzdG9tIiwiY3VzdG9tX2RhdGVfZm9ybWF0IjoiWSJ9fQ==@[\/et_pb_text][\/et_pb_column][\/et_pb_row][\/et_pb_section]<\/p>\n","protected":false},"excerpt":{"rendered":"<p>ImmobilienNikos Kallimanis Sind Sie interessiert?Kontakt:Nikos Kallimanis(p): +306973353513e-mail: n.kalllimanis@otenet.gr Standort &#8222;Aloni&#8220;, Gebiet von au\u00dfergew\u00f6hnlich hoher Entwicklung, Parzelle leicht zu nutzen, Front zu Stadtstra\u00dfe, bew\u00e4sserbar, leichte M\u00f6glichkeit, Strom zu liefern, Entfernung von Thessaloniki: 40 km, Entfernung vom Meer: 3000 Meter, Entfernung vom Dorf Rodokipos: &#8230;. mehr lesen &nbsp;Lage &#8222;Sidero&#8220;, Bereich der au\u00dfergew\u00f6hnlich hohe Entwicklung, Panorama-Parzelle leicht f\u00fcr [&hellip;]<\/p>\n","protected":false},"author":1,"featured_media":0,"parent":0,"menu_order":0,"comment_status":"closed","ping_status":"closed","template":"","meta":{"_et_pb_use_builder":"on","_et_pb_old_content":"","_et_gb_content_width":"","footnotes":""},"class_list":["post-995","page","type-page","status-publish","hentry"],"_links":{"self":[{"href":"https:\/\/villaioanna.com\/de\/wp-json\/wp\/v2\/pages\/995","targetHints":{"allow":["GET"]}}],"collection":[{"href":"https:\/\/villaioanna.com\/de\/wp-json\/wp\/v2\/pages"}],"about":[{"href":"https:\/\/villaioanna.com\/de\/wp-json\/wp\/v2\/types\/page"}],"author":[{"embeddable":true,"href":"https:\/\/villaioanna.com\/de\/wp-json\/wp\/v2\/users\/1"}],"replies":[{"embeddable":true,"href":"https:\/\/villaioanna.com\/de\/wp-json\/wp\/v2\/comments?post=995"}],"version-history":[{"count":5,"href":"https:\/\/villaioanna.com\/de\/wp-json\/wp\/v2\/pages\/995\/revisions"}],"predecessor-version":[{"id":1474,"href":"https:\/\/villaioanna.com\/de\/wp-json\/wp\/v2\/pages\/995\/revisions\/1474"}],"wp:attachment":[{"href":"https:\/\/villaioanna.com\/de\/wp-json\/wp\/v2\/media?parent=995"}],"curies":[{"name":"wp","href":"https:\/\/api.w.org\/{rel}","templated":true}]}}