{"id":989,"date":"2024-02-08T12:46:32","date_gmt":"2024-02-08T12:46:32","guid":{"rendered":"https:\/\/ioanna.notusreisen.de\/lage-der-villa\/"},"modified":"2024-04-17T21:20:25","modified_gmt":"2024-04-17T21:20:25","slug":"lage-der-villa","status":"publish","type":"page","link":"https:\/\/villaioanna.com\/de\/lage-der-villa\/","title":{"rendered":"Lage der Villa"},"content":{"rendered":"<p>[et_pb_section fb_built=&#8220;1&#8243; fullwidth=&#8220;on&#8220; _builder_version=&#8220;4.21.0&#8243; _module_preset=&#8220;default&#8220; locked=&#8220;off&#8220; global_colors_info=&#8220;{}&#8220;][et_pb_fullwidth_image src=&#8220;https:\/\/villaioanna.com\/wp-content\/uploads\/2024\/03\/villa_ioanna_logo01.jpg&#8220; alt=&#8220;Metamorfosi&#8220; title_text=&#8220;Metamorfosi&#8220; _builder_version=&#8220;4.24.2&#8243; _module_preset=&#8220;default&#8220; global_colors_info=&#8220;{}&#8220;][\/et_pb_fullwidth_image][\/et_pb_section][et_pb_section fb_built=&#8220;1&#8243; admin_label=&#8220;About&#8220; _builder_version=&#8220;4.21.0&#8243; _module_preset=&#8220;default&#8220; custom_padding=&#8220;1px|||||&#8220; locked=&#8220;off&#8220; collapsed=&#8220;on&#8220; global_colors_info=&#8220;{}&#8220;][et_pb_row _builder_version=&#8220;4.22.0&#8243; _module_preset=&#8220;default&#8220; global_colors_info=&#8220;{}&#8220;][et_pb_column type=&#8220;4_4&#8243; _builder_version=&#8220;4.22.0&#8243; _module_preset=&#8220;default&#8220; global_colors_info=&#8220;{}&#8220;][et_pb_text _builder_version=&#8220;4.22.0&#8243; _module_preset=&#8220;c21cc7e4-a7a5-4632-a8b3-0e548b33865a&#8220; custom_margin=&#8220;||10px||false|false&#8220; inline_fonts=&#8220;Verdana&#8220; global_colors_info=&#8220;{}&#8220;]<\/p>\n<h1><span style=\"font-size: xx-large; font-family: Verdana; font-weight: normal;\">Lage der Villa<\/span><\/h1>\n<p>[\/et_pb_text][\/et_pb_column][\/et_pb_row][et_pb_row column_structure=&#8220;3_5,2_5&#8243; _builder_version=&#8220;4.22.0&#8243; _module_preset=&#8220;default&#8220; custom_padding=&#8220;7px|||||&#8220; global_colors_info=&#8220;{}&#8220;][et_pb_column type=&#8220;3_5&#8243; _builder_version=&#8220;4.22.0&#8243; _module_preset=&#8220;default&#8220; global_colors_info=&#8220;{}&#8220;][et_pb_image src=&#8220;https:\/\/villaioanna.com\/wp-content\/uploads\/2024\/02\/nikiti01.jpg&#8220; alt=&#8220;Nikiti&#8220; title_text=&#8220;nikiti01&#8243; show_bottom_space=&#8220;off&#8220; _builder_version=&#8220;4.21.0&#8243; _module_preset=&#8220;default&#8220; width=&#8220;84.6%&#8220; min_height=&#8220;371.9px&#8220; global_colors_info=&#8220;{}&#8220;][\/et_pb_image][\/et_pb_column][et_pb_column type=&#8220;2_5&#8243; _builder_version=&#8220;4.22.0&#8243; _module_preset=&#8220;default&#8220; global_colors_info=&#8220;{}&#8220;][et_pb_text _builder_version=&#8220;4.21.0&#8243; _module_preset=&#8220;0dc97609-6880-46de-a0c4-ce4a00cb4b68&#8243; text_font_size=&#8220;10px&#8220; custom_margin=&#8220;||5px||false|false&#8220; inline_fonts=&#8220;Verdana&#8220; global_colors_info=&#8220;{}&#8220;]<\/p>\n<h2><span style=\"font-size: xx-large; font-family: Verdana;\">Nikiti ist ein kleines Dorf in Sithonia Chalkidiki.<\/span><\/h2>\n<p>[\/et_pb_text][et_pb_text _builder_version=&#8220;4.21.0&#8243; _module_preset=&#8220;c3ffe61a-3a25-474b-8f5a-3bb335c0ef0b&#8220; text_font=&#8220;Verdana||||||||&#8220; global_colors_info=&#8220;{}&#8220;]<\/p>\n<p><span>Unsere Villa befindet sich zwischen Metamorfosi und Nikiti. Von dort aus k\u00f6nnen Sie viele andere Teile der Chalkidiki erreichen und viele interessante Ausfl\u00fcge machen, in Nikiti gibt es Einkaufsm\u00f6glichkeiten und viele Tavernen und Caf\u00e9s. Unsere Villa ist besonders f\u00fcr Touristen geeignet, die sich in einer ruhigen, entspannten Atmosph\u00e4re erholen wollen.<\/span><\/p>\n<p><span><\/span><\/p>\n<ul>\n<li>Entfernung vom Meer: 300 Meter<\/li>\n<li>Entfernung vom Dorf Nikiti: 1000 Meter<\/li>\n<li>Entfernung von Port Champion: 700 Meter<\/li>\n<li>Entfernung vom Flughafen Thessaloniki: 90 km<\/li>\n<\/ul>\n<p>[\/et_pb_text][\/et_pb_column][\/et_pb_row][\/et_pb_section][et_pb_section fb_built=&#8220;1&#8243; admin_label=&#8220;Why Us&#8220; _builder_version=&#8220;4.22.0&#8243; _module_preset=&#8220;default&#8220; locked=&#8220;off&#8220; collapsed=&#8220;on&#8220; global_colors_info=&#8220;{}&#8220;][et_pb_row column_structure=&#8220;1_2,1_2&#8243; _builder_version=&#8220;4.22.0&#8243; _module_preset=&#8220;default&#8220; global_colors_info=&#8220;{}&#8220;][et_pb_column type=&#8220;1_2&#8243; _builder_version=&#8220;4.22.0&#8243; _module_preset=&#8220;default&#8220; global_colors_info=&#8220;{}&#8220;][et_pb_text _builder_version=&#8220;4.21.0&#8243; _module_preset=&#8220;7a4105b1-bcf6-418e-a5e7-42fbc8792667&#8243; text_font=&#8220;Verdana||||||||&#8220; custom_margin=&#8220;||5px||false|false&#8220; global_colors_info=&#8220;{}&#8220; inline_fonts=&#8220;Verdana,ABeeZee&#8220;]<\/p>\n<h2><span style=\"font-family: inherit; font-weight: normal;\">Sehensw\u00fcrdigkeiten am Meer:<\/span><\/h2>\n<p><span style=\"font-family: inherit; font-weight: normal;\">Sie werden von den goldenen und klaren Str\u00e4nden Sithonias, die Sie leicht besuchen k\u00f6nnen, begeistert sein. Einige der n\u00e4chstgelegenen Str\u00e4nde sind die folgenden: Nikiti, Agios Giannis, Trani Ammouda in Ormos Panagias, der Strand von Kalogria, der Strand von Koviou, Metamorfosi, der Strand von Karidi in Vourvourou, Akti Salonikiou, Lagonisi und das Dorf Toroni.<\/span><\/p>\n<p>[\/et_pb_text][et_pb_text _builder_version=&#8220;4.21.0&#8243; _module_preset=&#8220;7a4105b1-bcf6-418e-a5e7-42fbc8792667&#8243; custom_margin=&#8220;||5px||false|false&#8220; global_colors_info=&#8220;{}&#8220;]<\/p>\n<h2>Sehensw\u00fcrdigkeiten, die Sie besuchen k\u00f6nnen:<\/h2>\n<p>[\/et_pb_text][et_pb_text _builder_version=&#8220;4.24.2&#8243; _module_preset=&#8220;c3ffe61a-3a25-474b-8f5a-3bb335c0ef0b&#8220; text_font=&#8220;Verdana||||||||&#8220; hover_enabled=&#8220;0&#8243; global_colors_info=&#8220;{}&#8220; sticky_enabled=&#8220;0&#8243; inline_fonts=&#8220;Verdana,ABeeZee&#8220;]<\/p>\n<p><span style=\"font-family: inherit;\">Berg Athos: Beim Eintritt ins Innere nur f\u00fcr M\u00e4nner und beim Schiff herum f\u00fcr alle.<\/span><\/p>\n<p><span style=\"font-family: inherit; font-weight: normal;\">Stagira: Das antike Olympiada &#8211; der Geburtsort von Aristoteles.<\/span><\/p>\n<p><span style=\"font-family: inherit; font-weight: normal;\">Olympiada ist auch ein identischer Angelplatz.<\/span><\/p>\n<p><span style=\"font-family: inherit; font-weight: normal;\">Ierissos: Akanthos ist von arch\u00e4ologischem Interesse.<\/span><\/p>\n<p><span style=\"font-family: inherit; font-weight: normal;\">Kasten in Ouranoupoli, Sani, Nea Fokia und Toroni.<\/span><\/p>\n<p><span style=\"font-family: inherit; font-weight: normal;\">Nea Roda, der engste Teil zwischen Agio Oros (Berg Athos). Xarxis durchsuchte dort einen Kanal, um in Griechenland einzudringen.<\/span><\/p>\n<p><span style=\"font-family: inherit; font-weight: normal;\">Gomati und Megali Panagia sind durch den Wald zu erreichen.<\/span><\/p>\n<p><span style=\"font-family: inherit; font-weight: normal;\">Posidi: das \u00e4ltere Heiligtum von Posidon, einem der zw\u00f6lf antiken olympischen G\u00f6tter.<\/span><\/p>\n<p><span style=\"font-family: inherit; font-weight: normal;\">In Nikiti, Agios Georgios und Akti Elias gibt es Kirchen mit alter christlicher Architektur.<\/span><\/p>\n<p><span style=\"font-family: inherit; font-weight: normal;\">Die mittelalterlichen Mauern und der Kanal in Potidea.<\/span><\/p>\n<p><span style=\"font-family: inherit; font-weight: normal;\">Berg Holomontas im alten Dorf Taxiarhis, im Norden der Chalkidiki. Sehr angenehme Fahrt durch dichten Wald.<\/span><\/p>\n<p><span style=\"font-family: inherit; font-weight: normal;\">Metamorfosi: einer der sch\u00f6nsten Parks, neben dem Meer und einem Pinienwald und der Kirche, die von den Einwohnern der kleinasiatischen Fl\u00fcchtlinge gebaut wurde.<\/span><\/p>\n<p>[\/et_pb_text][\/et_pb_column][et_pb_column type=&#8220;1_2&#8243; _builder_version=&#8220;4.22.0&#8243; _module_preset=&#8220;default&#8220; global_colors_info=&#8220;{}&#8220;][et_pb_code _builder_version=&#8220;4.24.2&#8243; _module_preset=&#8220;default&#8220; hover_enabled=&#8220;0&#8243; sticky_enabled=&#8220;0&#8243;]<\/p>\n<div style=\"font: 10px Tahoma;padding:3px;\"><a style=\"color:#000000;text-decoration:none\" href=\"https:\/\/freemeteo.com\" target=\"_blank\" rel=\"noopener\">Weather by Freemeteo.com<\/a><\/div>\n<p><!-- [et_pb_line_break_holder] --><script><!-- [et_pb_line_break_holder] -->\/\/Live weather feeds by freemeteo.com <!-- [et_pb_line_break_holder] -->\/\/The use of this script is bound by Freemeteo\u2019s Live Feed Service Agreement, as is published in the following url: https:\/\/www.freemeteo.com\/data.asp?pid=178&la=1<!-- [et_pb_line_break_holder] -->\/\/ You are not allowed to change or delete any part of this script.<!-- [et_pb_line_break_holder] -->\/\/ Main body background color : FFFFFF<!-- [et_pb_line_break_holder] -->\/\/ Main body fonts color : 000000<!-- [et_pb_line_break_holder] -->\/\/ Header\/Footer background color : 6699FF<!-- [et_pb_line_break_holder] -->\/\/ Header\/Footer fonts color : FFFFFF<!-- [et_pb_line_break_holder] -->cIfrm=\"18\";<!-- [et_pb_line_break_holder] -->gid=\"571567_20240418_001627\";<!-- [et_pb_line_break_holder] --><\/script><!-- [et_pb_line_break_holder] --><script src=\"https:\/\/freemeteo.com\/templates\/default\/HTfeeds.js?v=1\" type=\"text\/javascript\"><\/script>[\/et_pb_code][et_pb_code _builder_version=&#8220;4.21.0&#8243; _module_preset=&#8220;default&#8220; global_colors_info=&#8220;{}&#8220;]<iframe loading=\"lazy\" src=\"https:\/\/www.google.com\/maps\/d\/embed?mid=1cDmwDjWzyi-7FSecjDsSmws0GSc&#038;ehbc=2E312F\" width=\"640\" height=\"480\"><\/iframe>[\/et_pb_code][\/et_pb_column][\/et_pb_row][\/et_pb_section][et_pb_section fb_built=&#8220;1&#8243; admin_label=&#8220;Footer Copyright&#8220; _builder_version=&#8220;4.22.0&#8243; _module_preset=&#8220;default&#8220; background_color=&#8220;#000000&#8243; custom_padding=&#8220;0px||0px||true|false&#8220; collapsed=&#8220;on&#8220; global_colors_info=&#8220;{}&#8220;][et_pb_row _builder_version=&#8220;4.22.0&#8243; _module_preset=&#8220;default&#8220; global_colors_info=&#8220;{}&#8220;][et_pb_column type=&#8220;4_4&#8243; _builder_version=&#8220;4.22.0&#8243; _module_preset=&#8220;default&#8220; global_colors_info=&#8220;{}&#8220;][et_pb_text _builder_version=&#8220;4.22.0&#8243; _dynamic_attributes=&#8220;content&#8220; _module_preset=&#8220;c3ffe61a-3a25-474b-8f5a-3bb335c0ef0b&#8220; text_orientation=&#8220;center&#8220; global_colors_info=&#8220;{}&#8220;]@ET-DC@eyJkeW5hbWljIjp0cnVlLCJjb250ZW50IjoiY3VycmVudF9kYXRlIiwic2V0dGluZ3MiOnsiYmVmb3JlIjoiQ29weXJpZ2h0IFx1MDBhOSAiLCJhZnRlciI6IiBEaXZpLiBBbGwgUmlnaHRzIFJlc2VydmVkLiIsImRhdGVfZm9ybWF0IjoiY3VzdG9tIiwiY3VzdG9tX2RhdGVfZm9ybWF0IjoiWSJ9fQ==@[\/et_pb_text][\/et_pb_column][\/et_pb_row][\/et_pb_section]<\/p>\n","protected":false},"excerpt":{"rendered":"<p>Lage der VillaNikiti ist ein kleines Dorf in Sithonia Chalkidiki.Unsere Villa befindet sich zwischen Metamorfosi und Nikiti. Von dort aus k\u00f6nnen Sie viele andere Teile der Chalkidiki erreichen und viele interessante Ausfl\u00fcge machen, in Nikiti gibt es Einkaufsm\u00f6glichkeiten und viele Tavernen und Caf\u00e9s. Unsere Villa ist besonders f\u00fcr Touristen geeignet, die sich in einer ruhigen, [&hellip;]<\/p>\n","protected":false},"author":1,"featured_media":0,"parent":0,"menu_order":0,"comment_status":"closed","ping_status":"closed","template":"","meta":{"_et_pb_use_builder":"on","_et_pb_old_content":"","_et_gb_content_width":"","footnotes":""},"class_list":["post-989","page","type-page","status-publish","hentry"],"_links":{"self":[{"href":"https:\/\/villaioanna.com\/de\/wp-json\/wp\/v2\/pages\/989","targetHints":{"allow":["GET"]}}],"collection":[{"href":"https:\/\/villaioanna.com\/de\/wp-json\/wp\/v2\/pages"}],"about":[{"href":"https:\/\/villaioanna.com\/de\/wp-json\/wp\/v2\/types\/page"}],"author":[{"embeddable":true,"href":"https:\/\/villaioanna.com\/de\/wp-json\/wp\/v2\/users\/1"}],"replies":[{"embeddable":true,"href":"https:\/\/villaioanna.com\/de\/wp-json\/wp\/v2\/comments?post=989"}],"version-history":[{"count":5,"href":"https:\/\/villaioanna.com\/de\/wp-json\/wp\/v2\/pages\/989\/revisions"}],"predecessor-version":[{"id":1541,"href":"https:\/\/villaioanna.com\/de\/wp-json\/wp\/v2\/pages\/989\/revisions\/1541"}],"wp:attachment":[{"href":"https:\/\/villaioanna.com\/de\/wp-json\/wp\/v2\/media?parent=989"}],"curies":[{"name":"wp","href":"https:\/\/api.w.org\/{rel}","templated":true}]}}