{"id":983,"date":"2024-02-08T11:56:11","date_gmt":"2024-02-08T11:56:11","guid":{"rendered":"https:\/\/ioanna.notusreisen.de\/startseite\/"},"modified":"2024-04-17T12:56:19","modified_gmt":"2024-04-17T12:56:19","slug":"startseite","status":"publish","type":"page","link":"https:\/\/villaioanna.com\/de\/","title":{"rendered":"Startseite"},"content":{"rendered":"<p>[et_pb_section fb_built=&#8220;1&#8243; disabled_on=&#8220;on|on|off&#8220; admin_label=&#8220;Header&#8220; _builder_version=&#8220;4.24.2&#8243; _module_preset=&#8220;default&#8220; background_image=&#8220;https:\/\/villaioanna.com\/wp-content\/uploads\/2024\/04\/ioanna_aussen00001-scaled.jpg&#8220; background_position=&#8220;top_center&#8220; background_vertical_offset=&#8220;0%&#8220; max_width=&#8220;100%&#8220; min_height=&#8220;1000px&#8220; custom_margin=&#8220;||-64px|||&#8220; custom_padding=&#8220;0vw||0vw||true|false&#8220; background_last_edited=&#8220;on|phone&#8220; background_size_phone=&#8220;initial&#8220; background_position_phone=&#8220;bottom_right&#8220; background_horizontal_offset_phone=&#8220;8%&#8220; locked=&#8220;off&#8220; collapsed=&#8220;on&#8220; global_colors_info=&#8220;{}&#8220;][et_pb_row _builder_version=&#8220;4.21.0&#8243; _module_preset=&#8220;default&#8220; global_colors_info=&#8220;{}&#8220;][et_pb_column type=&#8220;4_4&#8243; _builder_version=&#8220;4.22.0&#8243; _module_preset=&#8220;default&#8220; global_colors_info=&#8220;{}&#8220;][et_pb_text _builder_version=&#8220;4.24.2&#8243; _module_preset=&#8220;1e3d88e3-7178-47fa-918d-a921c8a47198&#8243; header_text_color=&#8220;#FFFFFF&#8220; background_color=&#8220;rgba(41,50,58,0.37)&#8220; global_colors_info=&#8220;{}&#8220;]<\/p>\n<h1>Villa Ioanna<\/h1>\n<h2><span style=\"color: #ffffff; font-size: xx-large;\">Chalkidiki<\/span><\/h2>\n<p>[\/et_pb_text][\/et_pb_column][\/et_pb_row][\/et_pb_section][et_pb_section fb_built=&#8220;1&#8243; fullwidth=&#8220;on&#8220; disabled_on=&#8220;off|off|on&#8220; _builder_version=&#8220;4.24.2&#8243; _module_preset=&#8220;default&#8220; background_enable_color=&#8220;off&#8220; background_enable_image=&#8220;off&#8220; global_colors_info=&#8220;{}&#8220; locked=&#8220;off&#8220;][et_pb_fullwidth_image src=&#8220;https:\/\/villaioanna.com\/wp-content\/uploads\/2024\/04\/1.jpg&#8220; alt=&#8220;villa_ioanna&#8220; title_text=&#8220;1&#8243; disabled_on=&#8220;off|off|off&#8220; _builder_version=&#8220;4.24.2&#8243; _module_preset=&#8220;default&#8220; transform_scale_tablet=&#8220;&#8220; transform_scale_phone=&#8220;&#8220; transform_scale_last_edited=&#8220;on|phone&#8220; transform_translate_tablet=&#8220;&#8220; transform_translate_phone=&#8220;&#8220; transform_translate_last_edited=&#8220;on|desktop&#8220; transform_rotate_tablet=&#8220;&#8220; transform_rotate_phone=&#8220;&#8220; transform_rotate_last_edited=&#8220;on|desktop&#8220; transform_skew_tablet=&#8220;&#8220; transform_skew_phone=&#8220;&#8220; transform_skew_last_edited=&#8220;on|desktop&#8220; transform_origin_tablet=&#8220;&#8220; transform_origin_phone=&#8220;&#8220; transform_origin_last_edited=&#8220;on|desktop&#8220; transform_styles_last_edited=&#8220;on|phone&#8220; hover_enabled=&#8220;0&#8243; transform_styles_tablet=&#8220;&#8220; transform_styles_phone=&#8220;&#8220; global_colors_info=&#8220;{}&#8220; sticky_enabled=&#8220;0&#8243;][\/et_pb_fullwidth_image][\/et_pb_section][et_pb_section fb_built=&#8220;1&#8243; _builder_version=&#8220;4.21.0&#8243; _module_preset=&#8220;default&#8220; global_colors_info=&#8220;{}&#8220;][et_pb_row _builder_version=&#8220;4.21.0&#8243; _module_preset=&#8220;default&#8220; animation_style=&#8220;flip&#8220; global_colors_info=&#8220;{}&#8220;][et_pb_column type=&#8220;4_4&#8243; _builder_version=&#8220;4.21.0&#8243; _module_preset=&#8220;default&#8220; global_colors_info=&#8220;{}&#8220;][et_pb_text _builder_version=&#8220;4.21.0&#8243; _module_preset=&#8220;default&#8220; text_font=&#8220;Verdana||||||||&#8220; global_colors_info=&#8220;{}&#8220;]<\/p>\n<h2>\u00dcber Chalkidiki<\/h2>\n<p><span> <\/span><b>Chalkidiki<\/b><span> bietet malerische Meereslandschaften, historische St\u00e4dte und duftende G\u00e4rten &#8211; eine Landschaft, die zum Eintreten einl\u00e4dt. Sie ist von einer Sch\u00f6nheit, die nur die Natur hervorbringen kann. Die Halbinsel Chalkidiki liegt s\u00fcdlich von Thessaloniki. Mit ihren drei ins Meer ragenden Fingern repr\u00e4sentiert sie eines der sch\u00f6nsten Urlaubsziele Griechenlands.<\/span><br \/><span>Eine Kombination aus Gr\u00fcn und Blau mit langgestreckten Weinbergen, friedlichen Pinienw\u00e4ldern auf sanften H\u00fcgeln, langen Sandstr\u00e4nden und hinter felsigen Klippen versteckten kleinen Buchten mit fast karibisch blau-gr\u00fcnem Wasser.<\/span><br \/><span>Jeder findet hier sein pers\u00f6nliches Paradies &#8211; f\u00fcr jeden ist etwas dabei: vom Aktivurlauber \u00fcber den Naturfreund bis zum Kulturliebhaber.<\/span><\/p>\n<p>[\/et_pb_text][\/et_pb_column][\/et_pb_row][\/et_pb_section][et_pb_section fb_built=&#8220;1&#8243; admin_label=&#8220;Featured Products&#8220; _builder_version=&#8220;4.21.0&#8243; _module_preset=&#8220;default&#8220; saved_tabs=&#8220;all&#8220; locked=&#8220;off&#8220; collapsed=&#8220;on&#8220; global_colors_info=&#8220;{}&#8220;][et_pb_row column_structure=&#8220;1_2,1_2&#8243; _builder_version=&#8220;4.21.0&#8243; _module_preset=&#8220;default&#8220; global_colors_info=&#8220;{}&#8220;][et_pb_column type=&#8220;1_2&#8243; _builder_version=&#8220;4.21.0&#8243; _module_preset=&#8220;default&#8220; global_colors_info=&#8220;{}&#8220;][et_pb_image src=&#8220;https:\/\/villaioanna.com\/wp-content\/uploads\/2024\/02\/1.-photo-1080&#215;720-1.jpg&#8220; alt=&#8220;Sithonia&#8220; title_text=&#8220;1.-photo-1080&#215;720&#8243; _builder_version=&#8220;4.21.0&#8243; _module_preset=&#8220;default&#8220; global_colors_info=&#8220;{}&#8220;][\/et_pb_image][et_pb_text _builder_version=&#8220;4.21.0&#8243; _module_preset=&#8220;default&#8220; text_font=&#8220;Verdana||||||||&#8220; global_colors_info=&#8220;{}&#8220;]<\/p>\n<h4 class=\"et_pb_module_header\"><span>Sithonia<\/span><\/h4>\n<div class=\"et_pb_blurb_description\">\n<p><b>Sithonia<span> <\/span><\/b>Der Mittelfinger, die unber\u00fchrte Sch\u00f6nheit, ist besonders f\u00fcr Griechenland- und Naturliebhaber zu empfehlen. \u00dcppige gr\u00fcne Landschaften, friedliche Fischerd\u00f6rfer, abgelegene Buchten und die Gastfreundschaft der Dorfbewohner tragen dazu bei, dass Sie einen ruhigen und erholsamen Urlaub abseits der st\u00e4dtischen Ballungsgebiete verbringen.<\/p>\n<\/div>\n<p>[\/et_pb_text][\/et_pb_column][et_pb_column type=&#8220;1_2&#8243; _builder_version=&#8220;4.21.0&#8243; _module_preset=&#8220;default&#8220; global_colors_info=&#8220;{}&#8220;][et_pb_image src=&#8220;https:\/\/villaioanna.com\/wp-content\/uploads\/2024\/02\/NikitiFN222-32-B2.jpg&#8220; alt=&#8220;Nikiti&#8220; title_text=&#8220;NikitiFN222-32-B2&#8243; _builder_version=&#8220;4.21.0&#8243; _module_preset=&#8220;default&#8220; height=&#8220;342px&#8220; global_colors_info=&#8220;{}&#8220;][\/et_pb_image][et_pb_text _builder_version=&#8220;4.21.0&#8243; _module_preset=&#8220;default&#8220; text_font=&#8220;Verdana||||||||&#8220; global_colors_info=&#8220;{}&#8220;]<\/p>\n<h4 class=\"et_pb_module_header\"><span>Nikiti<\/span><\/h4>\n<div class=\"et_pb_blurb_description\">\n<p><strong>Nikiti<\/strong><span> <\/span>ist ein Ort auf der griechischen Halbinsel Chalkidiki. Nikiti liegt an der Westk\u00fcste der Halbinsel Sithonia, etwa 23 km nord\u00f6stlich von Neos Marmaras, 39 km \u00f6stlich von Nea Moudania und etwa 110 km von Thessaloniki entfernt.<\/p>\n<\/div>\n<p>[\/et_pb_text][\/et_pb_column][\/et_pb_row][\/et_pb_section][et_pb_section fb_built=&#8220;1&#8243; admin_label=&#8220;Footer Copyright&#8220; _builder_version=&#8220;4.22.0&#8243; _module_preset=&#8220;default&#8220; background_color=&#8220;#000000&#8243; custom_padding=&#8220;0px||0px||true|false&#8220; collapsed=&#8220;on&#8220; global_colors_info=&#8220;{}&#8220;][et_pb_row _builder_version=&#8220;4.22.0&#8243; _module_preset=&#8220;default&#8220; global_colors_info=&#8220;{}&#8220;][et_pb_column type=&#8220;4_4&#8243; _builder_version=&#8220;4.22.0&#8243; _module_preset=&#8220;default&#8220; global_colors_info=&#8220;{}&#8220;][et_pb_text _builder_version=&#8220;4.22.0&#8243; _dynamic_attributes=&#8220;content&#8220; _module_preset=&#8220;7b1eff9a-9632-4368-bdd2-dcb5050d9756&#8243; text_orientation=&#8220;center&#8220; global_colors_info=&#8220;{}&#8220;]@ET-DC@eyJkeW5hbWljIjp0cnVlLCJjb250ZW50IjoiY3VycmVudF9kYXRlIiwic2V0dGluZ3MiOnsiYmVmb3JlIjoiQ29weXJpZ2h0IFx1MDBhOSAiLCJhZnRlciI6IiBEaXZpLiBBbGwgUmlnaHRzIFJlc2VydmVkLiIsImRhdGVfZm9ybWF0IjoiY3VzdG9tIiwiY3VzdG9tX2RhdGVfZm9ybWF0IjoiWSJ9fQ==@[\/et_pb_text][\/et_pb_column][\/et_pb_row][\/et_pb_section]<\/p>\n","protected":false},"excerpt":{"rendered":"<p>Villa Ioanna Chalkidiki\u00dcber Chalkidiki Chalkidiki bietet malerische Meereslandschaften, historische St\u00e4dte und duftende G\u00e4rten &#8211; eine Landschaft, die zum Eintreten einl\u00e4dt. Sie ist von einer Sch\u00f6nheit, die nur die Natur hervorbringen kann. Die Halbinsel Chalkidiki liegt s\u00fcdlich von Thessaloniki. Mit ihren drei ins Meer ragenden Fingern repr\u00e4sentiert sie eines der sch\u00f6nsten Urlaubsziele Griechenlands.Eine Kombination aus Gr\u00fcn [&hellip;]<\/p>\n","protected":false},"author":1,"featured_media":0,"parent":0,"menu_order":0,"comment_status":"closed","ping_status":"closed","template":"","meta":{"_et_pb_use_builder":"on","_et_pb_old_content":"","_et_gb_content_width":"","footnotes":""},"class_list":["post-983","page","type-page","status-publish","hentry"],"_links":{"self":[{"href":"https:\/\/villaioanna.com\/de\/wp-json\/wp\/v2\/pages\/983","targetHints":{"allow":["GET"]}}],"collection":[{"href":"https:\/\/villaioanna.com\/de\/wp-json\/wp\/v2\/pages"}],"about":[{"href":"https:\/\/villaioanna.com\/de\/wp-json\/wp\/v2\/types\/page"}],"author":[{"embeddable":true,"href":"https:\/\/villaioanna.com\/de\/wp-json\/wp\/v2\/users\/1"}],"replies":[{"embeddable":true,"href":"https:\/\/villaioanna.com\/de\/wp-json\/wp\/v2\/comments?post=983"}],"version-history":[{"count":5,"href":"https:\/\/villaioanna.com\/de\/wp-json\/wp\/v2\/pages\/983\/revisions"}],"predecessor-version":[{"id":1511,"href":"https:\/\/villaioanna.com\/de\/wp-json\/wp\/v2\/pages\/983\/revisions\/1511"}],"wp:attachment":[{"href":"https:\/\/villaioanna.com\/de\/wp-json\/wp\/v2\/media?parent=983"}],"curies":[{"name":"wp","href":"https:\/\/api.w.org\/{rel}","templated":true}]}}