{"id":1584,"date":"2024-04-18T09:47:26","date_gmt":"2024-04-18T09:47:26","guid":{"rendered":"https:\/\/heuristic-spence.217-160-107-178.plesk.page\/Villaioanna\/gaestebuch\/"},"modified":"2024-04-22T09:09:30","modified_gmt":"2024-04-22T09:09:30","slug":"gaestebuch","status":"publish","type":"page","link":"https:\/\/villaioanna.com\/de\/gaestebuch\/","title":{"rendered":"G\u00e4stebuch"},"content":{"rendered":"<p>[et_pb_section fb_built=&#8220;1&#8243; fullwidth=&#8220;on&#8220; _builder_version=&#8220;4.24.2&#8243; _module_preset=&#8220;default&#8220; global_colors_info=&#8220;{}&#8220;][et_pb_fullwidth_header title=&#8220;Bitte schreiben Sie Ihre Meinung an&#8220; subhead=&#8220;unserem G\u00e4stebuch&#8220; text_orientation=&#8220;center&#8220; background_overlay_color=&#8220;#0C71C3&#8243; _builder_version=&#8220;4.24.2&#8243; _module_preset=&#8220;default&#8220; border_color_all_image=&#8220;#000000&#8243; global_colors_info=&#8220;{}&#8220;][\/et_pb_fullwidth_header][\/et_pb_section][et_pb_section fb_built=&#8220;1&#8243; _builder_version=&#8220;4.24.2&#8243; _module_preset=&#8220;default&#8220; global_colors_info=&#8220;{}&#8220;][et_pb_row column_structure=&#8220;1_2,1_2&#8243; _builder_version=&#8220;4.24.2&#8243; _module_preset=&#8220;default&#8220; global_colors_info=&#8220;{}&#8220;][et_pb_column type=&#8220;1_2&#8243; _builder_version=&#8220;4.24.2&#8243; _module_preset=&#8220;default&#8220; global_colors_info=&#8220;{}&#8220;][et_pb_text _builder_version=&#8220;4.24.2&#8243; _module_preset=&#8220;default&#8220; global_colors_info=&#8220;{}&#8220;]<\/p>\n<p><span>Liebe G\u00e4ste!<\/span><br \/><span>Wir m\u00f6chten uns bei Ihnen bedanken, dass Sie unsere Unterkunft f\u00fcr Ihren kostbaren Urlaub gew\u00e4hlt haben. Wir hoffen, dass Sie mit uns zufrieden sind und eine sch\u00f6ne Zeit verbracht haben.<\/span><\/p>\n<p><span>Ihre Meinung ist uns wichtig. Deshalb m\u00f6chten wir Sie bitten, Ihre Meinung und Erfahrung in das G\u00e4stebuch zu schreiben. Sie k\u00f6nnen uns helfen, die Dienste zu verbessern. Mit Ihren Erfahrungsberichten helfen Sie dem n\u00e4chsten Kunden bei seiner Entscheidung weiter.<\/span><\/p>\n<p>[\/et_pb_text][\/et_pb_column][et_pb_column type=&#8220;1_2&#8243; _builder_version=&#8220;4.24.2&#8243; _module_preset=&#8220;default&#8220; global_colors_info=&#8220;{}&#8220;][et_pb_code _builder_version=&#8220;4.24.2&#8243; _module_preset=&#8220;default&#8220; hover_enabled=&#8220;0&#8243; global_colors_info=&#8220;{}&#8220; sticky_enabled=&#8220;0&#8243;] <div data-wpcr3-content=\"1584\"><div class='wpcr3_respond_1 wpcr3_in_content' data-ajaxurl='[\"https:||villaioanna\",\"com|wp-admin|admin-ajax\",\"php?action=wpcr3-ajax\"]' data-on-postid='1584'data-postid='1584'><div class=\"wpcr3_respond_2\"><div class=\"wpcr3_div_2\"><table class=\"wpcr3_table_2\"><tbody><tr><td colspan=\"2\"><div class=\"wpcr3_leave_text\">Submit your review<\/div><\/td><\/tr><tr class=\"wpcr3_review_form_text_field\"><td><label for=\"wpcr3_fname\" class=\"comment-field\">Name: <\/label><\/td><td><input maxlength=\"150\" class=\"text-input wpcr3_required\" type=\"text\" id=\"wpcr3_fname\" name=\"wpcr3_fname\" value=\"\" \/><\/td><\/tr><tr class=\"wpcr3_review_form_text_field\"><td><label for=\"wpcr3_femail\" class=\"comment-field\">Email: <\/label><\/td><td><input maxlength=\"150\" class=\"text-input wpcr3_required\" type=\"text\" id=\"wpcr3_femail\" name=\"wpcr3_femail\" value=\"\" \/><\/td><\/tr><tr class=\"wpcr3_review_form_rating_field\"><td><label for=\"id_wpcr3_frating\" class=\"comment-field\">Rating: <\/label><\/td><td><div class=\"wpcr3_rating_stars\"><div class=\"wpcr3_rating_style1\"><div class=\"wpcr3_rating_style1_status\"><div class=\"wpcr3_rating_style1_score\"><div class=\"wpcr3_rating_style1_score1\">1<\/div><div class=\"wpcr3_rating_style1_score2\">2<\/div><div class=\"wpcr3_rating_style1_score3\">3<\/div><div class=\"wpcr3_rating_style1_score4\">4<\/div><div class=\"wpcr3_rating_style1_score5\">5<\/div><\/div><\/div><div class=\"wpcr3_rating_style1_base wpcr3_hide\"><div class=\"wpcr3_rating_style1_average\" style=\"width:0%;\"><\/div><\/div><\/div><\/div><input style=\"display:none;\" type=\"hidden\" class=\"wpcr3_required wpcr3_frating\" id=\"id_wpcr3_frating\"name=\"wpcr3_frating\" \/><\/td><\/tr><tr class=\"wpcr3_review_form_review_field_label\"><td colspan=\"2\"><label for=\"id_wpcr3_ftext\" class=\"comment-field\">Review: <\/label><\/td><\/tr><tr class=\"wpcr3_review_form_review_field_textarea\"><td colspan=\"2\"><textarea class=\"wpcr3_required wpcr3_ftext\" id=\"id_wpcr3_ftext\" name=\"wpcr3_ftext\" rows=\"8\"cols=\"50\"><\/textarea><\/td><\/tr><tr><td colspan=\"2\" class=\"wpcr3_check_confirm\"><div class=\"wpcr3_clear\"><\/div><input type=\"hidden\" name=\"wpcr3_postid\" value=\"1584\" \/><input type=\"text\" class=\"wpcr3_fakehide wpcr3_fake_website\" name=\"website\" \/><input type=\"text\" class=\"wpcr3_fakehide wpcr3_fake_url\" name=\"url\" \/><input type=\"checkbox\" class=\"wpcr3_fakehide wpcr3_fconfirm1\" name=\"wpcr3_fconfirm1\" value=\"1\" \/><label><input type=\"checkbox\" name=\"wpcr3_fconfirm2\" class=\"wpcr3_fconfirm2\" value=\"1\" \/>&nbsp; Check this box to confirm you are human.<\/label><input type=\"checkbox\" class=\"wpcr3_fakehide wpcr3_fconfirm3\" name=\"wpcr3_fconfirm3\" checked=\"checked\" value=\"1\" \/><\/td><\/tr><tr><td colspan=\"2\"><div class=\"wpcr3_button_1 wpcr3_submit_btn\">Submit<\/div>&nbsp;&nbsp;&nbsp;&nbsp;&nbsp;<div class=\"wpcr3_button_1 wpcr3_cancel_btn\">Cancel<\/div><\/td><\/tr><\/tbody><\/table><\/div><\/div><div class=\"wpcr3_clear wpcr3_pb5\"><\/div><div class=\"wpcr3_respond_3\"><p><div class=\"wpcr3_button_1 wpcr3_show_btn\">Create your own review<\/div><\/p><\/div><div class=\"wpcr3_dotline\"><\/div><div class=\"wpcr3_reviews_holder\"><div class=\"wpcr3_review_item\"><\/div><\/div><\/div><\/div><!-- [et_pb_line_break_holder] --><div data-wpcr3-content=\"-1\"><div class='wpcr3_respond_1 ' data-ajaxurl='[\"https:||villaioanna\",\"com|wp-admin|admin-ajax\",\"php?action=wpcr3-ajax\"]' data-on-postid='1584'data-postid='-1'><div class=\"wpcr3_reviews_holder\"><\/div><\/div><\/div>[\/et_pb_code][\/et_pb_column][\/et_pb_row][\/et_pb_section]<\/p>\n","protected":false},"excerpt":{"rendered":"<p>Liebe G\u00e4ste!Wir m\u00f6chten uns bei Ihnen bedanken, dass Sie unsere Unterkunft f\u00fcr Ihren kostbaren Urlaub gew\u00e4hlt haben. Wir hoffen, dass Sie mit uns zufrieden sind und eine sch\u00f6ne Zeit verbracht haben. Ihre Meinung ist uns wichtig. Deshalb m\u00f6chten wir Sie bitten, Ihre Meinung und Erfahrung in das G\u00e4stebuch zu schreiben. Sie k\u00f6nnen uns helfen, die [&hellip;]<\/p>\n","protected":false},"author":1,"featured_media":0,"parent":0,"menu_order":0,"comment_status":"closed","ping_status":"closed","template":"","meta":{"_et_pb_use_builder":"on","_et_pb_old_content":"","_et_gb_content_width":"","footnotes":""},"class_list":["post-1584","page","type-page","status-publish","hentry"],"_links":{"self":[{"href":"https:\/\/villaioanna.com\/de\/wp-json\/wp\/v2\/pages\/1584","targetHints":{"allow":["GET"]}}],"collection":[{"href":"https:\/\/villaioanna.com\/de\/wp-json\/wp\/v2\/pages"}],"about":[{"href":"https:\/\/villaioanna.com\/de\/wp-json\/wp\/v2\/types\/page"}],"author":[{"embeddable":true,"href":"https:\/\/villaioanna.com\/de\/wp-json\/wp\/v2\/users\/1"}],"replies":[{"embeddable":true,"href":"https:\/\/villaioanna.com\/de\/wp-json\/wp\/v2\/comments?post=1584"}],"version-history":[{"count":6,"href":"https:\/\/villaioanna.com\/de\/wp-json\/wp\/v2\/pages\/1584\/revisions"}],"predecessor-version":[{"id":1591,"href":"https:\/\/villaioanna.com\/de\/wp-json\/wp\/v2\/pages\/1584\/revisions\/1591"}],"wp:attachment":[{"href":"https:\/\/villaioanna.com\/de\/wp-json\/wp\/v2\/media?parent=1584"}],"curies":[{"name":"wp","href":"https:\/\/api.w.org\/{rel}","templated":true}]}}