{"id":1031,"date":"2024-03-08T09:44:22","date_gmt":"2024-03-08T09:44:22","guid":{"rendered":"https:\/\/ioanna.notusreisen.de\/antragsformular\/"},"modified":"2024-03-29T10:01:40","modified_gmt":"2024-03-29T10:01:40","slug":"antragsformular","status":"publish","type":"page","link":"https:\/\/villaioanna.com\/de\/antragsformular\/","title":{"rendered":"Antragsformular"},"content":{"rendered":"<p>[et_pb_section fb_built=&#8220;1&#8243; fullwidth=&#8220;on&#8220; _builder_version=&#8220;4.24.2&#8243; _module_preset=&#8220;default&#8220; transform_scale_tablet=&#8220;&#8220; transform_scale_phone=&#8220;&#8220; transform_scale_last_edited=&#8220;on|phone&#8220; transform_translate_tablet=&#8220;&#8220; transform_translate_phone=&#8220;&#8220; transform_translate_last_edited=&#8220;on|desktop&#8220; transform_rotate_tablet=&#8220;&#8220; transform_rotate_phone=&#8220;&#8220; transform_rotate_last_edited=&#8220;on|desktop&#8220; transform_skew_tablet=&#8220;&#8220; transform_skew_phone=&#8220;&#8220; transform_skew_last_edited=&#8220;on|desktop&#8220; transform_origin_tablet=&#8220;&#8220; transform_origin_phone=&#8220;&#8220; transform_origin_last_edited=&#8220;on|desktop&#8220; transform_styles_last_edited=&#8220;on|phone&#8220; transform_styles_tablet=&#8220;&#8220; transform_styles_phone=&#8220;&#8220; locked=&#8220;off&#8220; global_colors_info=&#8220;{}&#8220;][et_pb_fullwidth_image src=&#8220;https:\/\/villaioanna.com\/wp-content\/uploads\/2024\/03\/villa_ioanna_logo08.jpg&#8220; alt=&#8220;villa_ioanna&#8220; title_text=&#8220;villa_ioanna3&#8243; _builder_version=&#8220;4.24.2&#8243; _module_preset=&#8220;default&#8220; transform_scale_tablet=&#8220;&#8220; transform_scale_phone=&#8220;&#8220; transform_scale_last_edited=&#8220;on|phone&#8220; transform_translate_tablet=&#8220;&#8220; transform_translate_phone=&#8220;&#8220; transform_translate_last_edited=&#8220;on|phone&#8220; transform_rotate_tablet=&#8220;&#8220; transform_rotate_phone=&#8220;&#8220; transform_rotate_last_edited=&#8220;on|desktop&#8220; transform_skew_tablet=&#8220;&#8220; transform_skew_phone=&#8220;&#8220; transform_skew_last_edited=&#8220;on|desktop&#8220; transform_origin_tablet=&#8220;&#8220; transform_origin_phone=&#8220;&#8220; transform_origin_last_edited=&#8220;on|desktop&#8220; transform_styles_last_edited=&#8220;on|phone&#8220; transform_styles_tablet=&#8220;&#8220; transform_styles_phone=&#8220;&#8220; global_colors_info=&#8220;{}&#8220;][\/et_pb_fullwidth_image][\/et_pb_section][et_pb_section fb_built=&#8220;1&#8243; admin_label=&#8220;About&#8220; _builder_version=&#8220;4.21.0&#8243; _module_preset=&#8220;default&#8220; custom_margin=&#8220;||-110px|||&#8220; locked=&#8220;off&#8220; collapsed=&#8220;on&#8220; global_colors_info=&#8220;{}&#8220; custom_padding=&#8220;5px|||||&#8220;][et_pb_row _builder_version=&#8220;4.22.0&#8243; _module_preset=&#8220;default&#8220; global_colors_info=&#8220;{}&#8220;][et_pb_column type=&#8220;4_4&#8243; _builder_version=&#8220;4.22.0&#8243; _module_preset=&#8220;default&#8220; global_colors_info=&#8220;{}&#8220;][et_pb_text _builder_version=&#8220;4.22.0&#8243; _module_preset=&#8220;c21cc7e4-a7a5-4632-a8b3-0e548b33865a&#8220; custom_margin=&#8220;||10px||false|false&#8220; global_colors_info=&#8220;{}&#8220;]<\/p>\n<h1><span style=\"font-size: xx-large;\">Antragsformular<\/span><\/h1>\n<p>[\/et_pb_text][\/et_pb_column][\/et_pb_row][et_pb_row _builder_version=&#8220;4.21.0&#8243; _module_preset=&#8220;default&#8220; global_colors_info=&#8220;{}&#8220;][et_pb_column type=&#8220;4_4&#8243; _builder_version=&#8220;4.21.0&#8243; _module_preset=&#8220;default&#8220; global_colors_info=&#8220;{}&#8220;][et_pb_text _builder_version=&#8220;4.21.0&#8243; _module_preset=&#8220;default&#8220; global_colors_info=&#8220;{}&#8220;]<\/p>\n<p>F\u00fcr Informationen und Buchungen verwenden Sie bitte das folgende Formular:<\/p>\n<p>&nbsp;<\/p>\n<p>[\/et_pb_text][\/et_pb_column][\/et_pb_row][\/et_pb_section][et_pb_section fb_built=&#8220;1&#8243; admin_label=&#8220;Why Us&#8220; _builder_version=&#8220;4.22.0&#8243; _module_preset=&#8220;default&#8220; locked=&#8220;off&#8220; collapsed=&#8220;on&#8220; global_colors_info=&#8220;{}&#8220;][et_pb_row column_structure=&#8220;1_2,1_2&#8243; _builder_version=&#8220;4.21.0&#8243; _module_preset=&#8220;default&#8220; global_colors_info=&#8220;{}&#8220;][et_pb_column type=&#8220;1_2&#8243; _builder_version=&#8220;4.21.0&#8243; _module_preset=&#8220;default&#8220; global_colors_info=&#8220;{}&#8220;][et_pb_text _builder_version=&#8220;4.21.0&#8243; _module_preset=&#8220;default&#8220; text_font=&#8220;Verdana||||||||&#8220; height=&#8220;1000px&#8220; global_colors_info=&#8220;{}&#8220;]<\/p>\n<h5 class=\"entry-title main_title\"><span><b>Reservierungs- und Stornierungsbedingungen<\/b><\/span><\/h5>\n<h5 class=\"entry-title main_title\"><span>Die Beziehungen zwischen Hotelg\u00e4sten und Hoteliers werden durch das Gesetz 1652\/30-10-1986 (Artikel N.8) geregelt.<\/span><\/h5>\n<h5 class=\"entry-title main_title\"><span><b>Reservierungspolitik \/ Zahlungsarten:<\/b><\/span><\/h5>\n<h5 class=\"entry-title main_title\"><span>\u2022 Um eine Reservierung zu best\u00e4tigen, ist eine Vorauszahlung erforderlich<\/span><br \/><span>\u2022 Die Vorauszahlung f\u00fcr die Best\u00e4tigung betr\u00e4gt 25% der Gesamtkosten (gem\u00e4\u00df Artikel N.2).<\/span><br \/><span>\u2022 Die Vorauszahlung kann entweder auf ein Bankkonto oder auf unser Konto bei Western Union \u00fcberwiesen werden.<\/span><br \/><span>\u2022 Der Rest des Betrages wird bei der Ankunft bezahlt.<\/span><\/h5>\n<h5 class=\"entry-title main_title\"><span><b>Stornierungspolitik<\/b><\/span><\/h5>\n<h5 class=\"entry-title main_title\"><span>\u2022 F\u00fcr Buchungen, die bis zu 21 Tage vor dem Anreisedatum storniert werden, wird die Anzahlung vollst\u00e4ndig (100%) zur\u00fcckerstattet (gem\u00e4\u00df Artikel N.3)<\/span><br \/><span>\u2022 f\u00fcr Buchungen, die weniger als 21 Tage vor dem Anreisedatum storniert werden, werden 50% der Anzahlung berechnet (gem\u00e4\u00df Artikel N.3)<\/span><br \/><span>\u2022 bei einer Stornierung w\u00e4hrend des Aufenthalts werden 50% des urspr\u00fcnglichen Buchungspreises f\u00fcr die restlichen Tage berechnet, entsprechend dem vereinbarten Zimmertagessatz (gem\u00e4\u00df Artikel N.8)<\/span><\/h5>\n<h5 class=\"entry-title main_title\"><span><b>Bleiben:<\/b><\/span><\/h5>\n<h5 class=\"entry-title main_title\"><span>\u2022 Check-in: 12:00-14:00.<\/span><br \/><span>\u2022 Check-out: bis 12:00.<\/span><br \/><span>\u2022 G\u00e4ste, die das Zimmer bis 18:00 Uhr nutzen m\u00f6chten, zahlen 50 % des Tagespreises f\u00fcr das Zimmer. Bei einem Aufenthalt \u00fcber 18:00 Uhr hinaus wird der volle Tagessatz berechnet.<\/span><\/h5>\n<p>[\/et_pb_text][\/et_pb_column][et_pb_column type=&#8220;1_2&#8243; _builder_version=&#8220;4.21.0&#8243; _module_preset=&#8220;default&#8220; global_colors_info=&#8220;{}&#8220;][dsm_contact_form_7 cf7_library=&#8220;401&#8243; show_validation=&#8220;on&#8220; _builder_version=&#8220;4.21.0&#8243; _module_preset=&#8220;default&#8220; global_colors_info=&#8220;{}&#8220;][\/dsm_contact_form_7][\/et_pb_column][\/et_pb_row][\/et_pb_section][et_pb_section fb_built=&#8220;1&#8243; admin_label=&#8220;Footer Copyright&#8220; _builder_version=&#8220;4.22.0&#8243; _module_preset=&#8220;default&#8220; background_color=&#8220;#000000&#8243; custom_padding=&#8220;0px||0px||true|false&#8220; collapsed=&#8220;on&#8220; global_colors_info=&#8220;{}&#8220;][et_pb_row _builder_version=&#8220;4.22.0&#8243; _module_preset=&#8220;default&#8220; global_colors_info=&#8220;{}&#8220;][et_pb_column type=&#8220;4_4&#8243; _builder_version=&#8220;4.22.0&#8243; _module_preset=&#8220;default&#8220; global_colors_info=&#8220;{}&#8220;][et_pb_text _builder_version=&#8220;4.22.0&#8243; _dynamic_attributes=&#8220;content&#8220; _module_preset=&#8220;c3ffe61a-3a25-474b-8f5a-3bb335c0ef0b&#8220; text_orientation=&#8220;center&#8220; global_colors_info=&#8220;{}&#8220;]@ET-DC@eyJkeW5hbWljIjp0cnVlLCJjb250ZW50IjoiY3VycmVudF9kYXRlIiwic2V0dGluZ3MiOnsiYmVmb3JlIjoiQ29weXJpZ2h0IFx1MDBhOSAiLCJhZnRlciI6IiBEaXZpLiBBbGwgUmlnaHRzIFJlc2VydmVkLiIsImRhdGVfZm9ybWF0IjoiY3VzdG9tIiwiY3VzdG9tX2RhdGVfZm9ybWF0IjoiWSJ9fQ==@[\/et_pb_text][\/et_pb_column][\/et_pb_row][\/et_pb_section]<\/p>\n","protected":false},"excerpt":{"rendered":"<p>AntragsformularF\u00fcr Informationen und Buchungen verwenden Sie bitte das folgende Formular: &nbsp;Reservierungs- und Stornierungsbedingungen Die Beziehungen zwischen Hotelg\u00e4sten und Hoteliers werden durch das Gesetz 1652\/30-10-1986 (Artikel N.8) geregelt. Reservierungspolitik \/ Zahlungsarten: \u2022 Um eine Reservierung zu best\u00e4tigen, ist eine Vorauszahlung erforderlich\u2022 Die Vorauszahlung f\u00fcr die Best\u00e4tigung betr\u00e4gt 25% der Gesamtkosten (gem\u00e4\u00df Artikel N.2).\u2022 Die Vorauszahlung kann [&hellip;]<\/p>\n","protected":false},"author":1,"featured_media":0,"parent":0,"menu_order":0,"comment_status":"closed","ping_status":"closed","template":"","meta":{"_et_pb_use_builder":"on","_et_pb_old_content":"","_et_gb_content_width":"","footnotes":""},"class_list":["post-1031","page","type-page","status-publish","hentry"],"_links":{"self":[{"href":"https:\/\/villaioanna.com\/de\/wp-json\/wp\/v2\/pages\/1031","targetHints":{"allow":["GET"]}}],"collection":[{"href":"https:\/\/villaioanna.com\/de\/wp-json\/wp\/v2\/pages"}],"about":[{"href":"https:\/\/villaioanna.com\/de\/wp-json\/wp\/v2\/types\/page"}],"author":[{"embeddable":true,"href":"https:\/\/villaioanna.com\/de\/wp-json\/wp\/v2\/users\/1"}],"replies":[{"embeddable":true,"href":"https:\/\/villaioanna.com\/de\/wp-json\/wp\/v2\/comments?post=1031"}],"version-history":[{"count":6,"href":"https:\/\/villaioanna.com\/de\/wp-json\/wp\/v2\/pages\/1031\/revisions"}],"predecessor-version":[{"id":1424,"href":"https:\/\/villaioanna.com\/de\/wp-json\/wp\/v2\/pages\/1031\/revisions\/1424"}],"wp:attachment":[{"href":"https:\/\/villaioanna.com\/de\/wp-json\/wp\/v2\/media?parent=1031"}],"curies":[{"name":"wp","href":"https:\/\/api.w.org\/{rel}","templated":true}]}}