{"id":1019,"date":"2024-02-20T11:30:28","date_gmt":"2024-02-20T11:30:28","guid":{"rendered":"https:\/\/ioanna.notusreisen.de\/impressum\/"},"modified":"2024-03-28T18:16:28","modified_gmt":"2024-03-28T18:16:28","slug":"impressum","status":"publish","type":"page","link":"https:\/\/villaioanna.com\/de\/impressum\/","title":{"rendered":"Impressum"},"content":{"rendered":"<p>[et_pb_section fb_built=&#8220;1&#8243; admin_label=&#8220;Why Us&#8220; _builder_version=&#8220;4.22.0&#8243; _module_preset=&#8220;default&#8220; locked=&#8220;off&#8220; collapsed=&#8220;on&#8220; global_colors_info=&#8220;{}&#8220;][et_pb_row _builder_version=&#8220;4.22.0&#8243; _module_preset=&#8220;default&#8220; global_colors_info=&#8220;{}&#8220;][et_pb_column type=&#8220;4_4&#8243; _builder_version=&#8220;4.22.0&#8243; _module_preset=&#8220;default&#8220; global_colors_info=&#8220;{}&#8220;][et_pb_text _builder_version=&#8220;4.22.0&#8243; _module_preset=&#8220;c3ffe61a-3a25-474b-8f5a-3bb335c0ef0b&#8220; global_colors_info=&#8220;{}&#8220;]<\/p>\n<h1 class=\"entry-title main_title\">Impressum<\/h1>\n<div class=\"entry-content\">\n<p><strong>Polymnia Kallimani<\/strong><br \/>Appartements zu vermieten<br \/>Nikiti 63088<br \/>Chalkidiki Griechenland<br \/>Tel: +302375022541<br \/>Mobile: +306946141053<br \/>DOY POLYGYROU<br \/>Umsatzsteuer-ID \/ USt &#8211; ID: EL 066256087<\/p>\n<p>E-mail:<span> <\/span><a href=\"mailto:info@villaioanna.com\">info@villaioanna.com<\/a><\/p>\n<p><strong>villa ioanna<\/strong><\/p>\n<p>Handelsregisternummer: \u039c\u0397.\u03a4.\u0395. 09.38.K132.K.08.088.00<br \/>\u039c\u0397.\u03a4.\u0395. 09.38.K132.K.08.087.01<\/p>\n<p><strong>House ioanna<\/strong><br \/>Handelsregisternummer: \u039c\u0397.\u03a4.\u0395. 09.38.\u039a.122.\u039a.05.999.00<\/p>\n<p><strong>Online-Streitbeilegung (OS-Plattform)<\/strong><\/p>\n<p>Nach der europ\u00e4ischen ODR-Verordnung (Verordnung \u00fcber die au\u00dfergerichtliche Online-Verbraucherstreitbeilegung) sind Unternehmer, die an Verbraucher verkaufen, ab dem 01.09.2016 verpflichtet, einen Link zur entsprechenden Plattform auf Ihrer Seite (getrennt von den Rubriken AGB und Kontakte) zu platzieren.<\/p>\n<p>Die Europ\u00e4ische Kommission hat gem\u00e4\u00df Art. 14 Abs. 1 ODR VO eine Plattform zur Online-Streitbeilegung (OS) bereit, die unter <a href=\"http:\/\/ec.europa.eu\/consumers\/odr\/\" target=\"_blank\" rel=\"noopener\">http:\/\/ec.europa.eu\/consumers\/odr\/<\/a><\/p>\n<\/div>\n<div class=\"entry-content\"><\/div>\n<p>[\/et_pb_text][\/et_pb_column][\/et_pb_row][\/et_pb_section][et_pb_section fb_built=&#8220;1&#8243; admin_label=&#8220;Footer Copyright&#8220; _builder_version=&#8220;4.22.0&#8243; _module_preset=&#8220;default&#8220; background_color=&#8220;#000000&#8243; custom_padding=&#8220;0px||0px||true|false&#8220; collapsed=&#8220;on&#8220; global_colors_info=&#8220;{}&#8220;][et_pb_row _builder_version=&#8220;4.22.0&#8243; _module_preset=&#8220;default&#8220; global_colors_info=&#8220;{}&#8220;][et_pb_column type=&#8220;4_4&#8243; _builder_version=&#8220;4.22.0&#8243; _module_preset=&#8220;default&#8220; global_colors_info=&#8220;{}&#8220;][et_pb_text _builder_version=&#8220;4.22.0&#8243; _dynamic_attributes=&#8220;content&#8220; _module_preset=&#8220;c3ffe61a-3a25-474b-8f5a-3bb335c0ef0b&#8220; text_orientation=&#8220;center&#8220; global_colors_info=&#8220;{}&#8220;]@ET-DC@eyJkeW5hbWljIjp0cnVlLCJjb250ZW50IjoiY3VycmVudF9kYXRlIiwic2V0dGluZ3MiOnsiYmVmb3JlIjoiQ29weXJpZ2h0IFx1MDBhOSAiLCJhZnRlciI6IiBEaXZpLiBBbGwgUmlnaHRzIFJlc2VydmVkLiIsImRhdGVfZm9ybWF0IjoiY3VzdG9tIiwiY3VzdG9tX2RhdGVfZm9ybWF0IjoiWSJ9fQ==@[\/et_pb_text][\/et_pb_column][\/et_pb_row][\/et_pb_section]<\/p>\n","protected":false},"excerpt":{"rendered":"<p>Impressum Polymnia KallimaniAppartements zu vermietenNikiti 63088Chalkidiki GriechenlandTel: +302375022541Mobile: +306946141053DOY POLYGYROUUmsatzsteuer-ID \/ USt &#8211; ID: EL 066256087 E-mail: info@villaioanna.com villa ioanna Handelsregisternummer: \u039c\u0397.\u03a4.\u0395. 09.38.K132.K.08.088.00\u039c\u0397.\u03a4.\u0395. 09.38.K132.K.08.087.01 House ioannaHandelsregisternummer: \u039c\u0397.\u03a4.\u0395. 09.38.\u039a.122.\u039a.05.999.00 Online-Streitbeilegung (OS-Plattform) Nach der europ\u00e4ischen ODR-Verordnung (Verordnung \u00fcber die au\u00dfergerichtliche Online-Verbraucherstreitbeilegung) sind Unternehmer, die an Verbraucher verkaufen, ab dem 01.09.2016 verpflichtet, einen Link zur entsprechenden Plattform auf [&hellip;]<\/p>\n","protected":false},"author":1,"featured_media":0,"parent":0,"menu_order":0,"comment_status":"closed","ping_status":"closed","template":"","meta":{"_et_pb_use_builder":"on","_et_pb_old_content":"","_et_gb_content_width":"","footnotes":""},"class_list":["post-1019","page","type-page","status-publish","hentry"],"_links":{"self":[{"href":"https:\/\/villaioanna.com\/de\/wp-json\/wp\/v2\/pages\/1019","targetHints":{"allow":["GET"]}}],"collection":[{"href":"https:\/\/villaioanna.com\/de\/wp-json\/wp\/v2\/pages"}],"about":[{"href":"https:\/\/villaioanna.com\/de\/wp-json\/wp\/v2\/types\/page"}],"author":[{"embeddable":true,"href":"https:\/\/villaioanna.com\/de\/wp-json\/wp\/v2\/users\/1"}],"replies":[{"embeddable":true,"href":"https:\/\/villaioanna.com\/de\/wp-json\/wp\/v2\/comments?post=1019"}],"version-history":[{"count":5,"href":"https:\/\/villaioanna.com\/de\/wp-json\/wp\/v2\/pages\/1019\/revisions"}],"predecessor-version":[{"id":1418,"href":"https:\/\/villaioanna.com\/de\/wp-json\/wp\/v2\/pages\/1019\/revisions\/1418"}],"wp:attachment":[{"href":"https:\/\/villaioanna.com\/de\/wp-json\/wp\/v2\/media?parent=1019"}],"curies":[{"name":"wp","href":"https:\/\/api.w.org\/{rel}","templated":true}]}}