{"id":1016,"date":"2024-02-20T11:28:43","date_gmt":"2024-02-20T11:28:43","guid":{"rendered":"https:\/\/ioanna.notusreisen.de\/buchungs-und-stornierungspolitik\/"},"modified":"2024-03-28T18:17:02","modified_gmt":"2024-03-28T18:17:02","slug":"buchungs-und-stornierungspolitik","status":"publish","type":"page","link":"https:\/\/villaioanna.com\/de\/buchungs-und-stornierungspolitik\/","title":{"rendered":"Buchungs- und Stornierungspolitik"},"content":{"rendered":"<p>[et_pb_section fb_built=&#8220;1&#8243; admin_label=&#8220;Why Us&#8220; _builder_version=&#8220;4.22.0&#8243; _module_preset=&#8220;default&#8220; locked=&#8220;off&#8220; collapsed=&#8220;on&#8220; global_colors_info=&#8220;{}&#8220;][et_pb_row _builder_version=&#8220;4.22.0&#8243; _module_preset=&#8220;default&#8220; global_colors_info=&#8220;{}&#8220;][et_pb_column type=&#8220;4_4&#8243; _builder_version=&#8220;4.22.0&#8243; _module_preset=&#8220;default&#8220; global_colors_info=&#8220;{}&#8220;][et_pb_text _builder_version=&#8220;4.21.0&#8243; _module_preset=&#8220;c3ffe61a-3a25-474b-8f5a-3bb335c0ef0b&#8220; text_font=&#8220;Verdana||||||||&#8220; global_colors_info=&#8220;{}&#8220;]<\/p>\n<h4 class=\"entry-title main_title\"><span style=\"font-size: medium;\"><b>Reservierungs- und Stornierungsbedingungen<\/b><\/span><br \/><span style=\"font-size: medium;\">Die Beziehungen zwischen Hotelg\u00e4sten und Hoteliers werden durch das Gesetz 1652\/30-10-1986 (Artikel N.8) geregelt.<\/span><br \/><span style=\"font-size: medium;\"><b>Reservierungspolitik \/ Zahlungsarten:<\/b><\/span><br \/><span style=\"font-size: medium;\">\u2022 Um eine Reservierung zu best\u00e4tigen, ist eine Vorauszahlung erforderlich<\/span><br \/><span style=\"font-size: medium;\">\u2022 Die Vorauszahlung f\u00fcr die Best\u00e4tigung betr\u00e4gt 25% der Gesamtkosten (gem\u00e4\u00df Artikel N.2).<\/span><br \/><span style=\"font-size: medium;\">\u2022 Die Vorauszahlung kann entweder auf ein Bankkonto oder auf unser Konto bei Western Union \u00fcberwiesen werden.<\/span><br \/><span style=\"font-size: medium;\">\u2022 Der Rest des Betrages wird bei der Ankunft bezahlt.<\/span><br \/><span style=\"font-size: medium;\"><b>Stornierungspolitik<\/b><\/span><br \/><span style=\"font-size: medium;\">\u2022 F\u00fcr Buchungen, die bis zu 21 Tage vor dem Anreisedatum storniert werden, wird die Anzahlung vollst\u00e4ndig (100%) zur\u00fcckerstattet (gem\u00e4\u00df Artikel N.3)<\/span><br \/><span style=\"font-size: medium;\">\u2022 f\u00fcr Buchungen, die weniger als 21 Tage vor dem Anreisedatum storniert werden, werden 50% der Anzahlung berechnet (gem\u00e4\u00df Artikel N.3)<\/span><br \/><span style=\"font-size: medium;\">\u2022 bei einer Stornierung w\u00e4hrend des Aufenthalts werden 50% des urspr\u00fcnglichen Buchungspreises f\u00fcr die restlichen Tage berechnet, entsprechend dem vereinbarten Zimmertagessatz (gem\u00e4\u00df Artikel N.8)<\/span><br \/><span style=\"font-size: medium;\"><b>Bleiben:<\/b><\/span><br \/><span style=\"font-size: medium;\">\u2022 Check-in: 12:00-14:00.<\/span><br \/><span style=\"font-size: medium;\">\u2022 Check-out: bis 12:00.<\/span><br \/><span style=\"font-size: medium;\">\u2022 G\u00e4ste, die das Zimmer bis 18:00 Uhr nutzen m\u00f6chten, zahlen 50 % des Tagespreises f\u00fcr das Zimmer. Bei einem Aufenthalt \u00fcber 18:00 Uhr hinaus wird der volle Tagessatz berechnet.<\/span><\/h4>\n<div class=\"entry-content\"><\/div>\n<p>[\/et_pb_text][\/et_pb_column][\/et_pb_row][\/et_pb_section][et_pb_section fb_built=&#8220;1&#8243; admin_label=&#8220;Footer Copyright&#8220; _builder_version=&#8220;4.22.0&#8243; _module_preset=&#8220;default&#8220; background_color=&#8220;#000000&#8243; custom_padding=&#8220;0px||0px||true|false&#8220; collapsed=&#8220;on&#8220; global_colors_info=&#8220;{}&#8220;][et_pb_row _builder_version=&#8220;4.22.0&#8243; _module_preset=&#8220;default&#8220; global_colors_info=&#8220;{}&#8220;][et_pb_column type=&#8220;4_4&#8243; _builder_version=&#8220;4.22.0&#8243; _module_preset=&#8220;default&#8220; global_colors_info=&#8220;{}&#8220;][et_pb_text _builder_version=&#8220;4.22.0&#8243; _dynamic_attributes=&#8220;content&#8220; _module_preset=&#8220;c3ffe61a-3a25-474b-8f5a-3bb335c0ef0b&#8220; text_orientation=&#8220;center&#8220; global_colors_info=&#8220;{}&#8220;]@ET-DC@eyJkeW5hbWljIjp0cnVlLCJjb250ZW50IjoiY3VycmVudF9kYXRlIiwic2V0dGluZ3MiOnsiYmVmb3JlIjoiQ29weXJpZ2h0IFx1MDBhOSAiLCJhZnRlciI6IiBEaXZpLiBBbGwgUmlnaHRzIFJlc2VydmVkLiIsImRhdGVfZm9ybWF0IjoiY3VzdG9tIiwiY3VzdG9tX2RhdGVfZm9ybWF0IjoiWSJ9fQ==@[\/et_pb_text][\/et_pb_column][\/et_pb_row][\/et_pb_section]<\/p>\n","protected":false},"excerpt":{"rendered":"<p>Reservierungs- und StornierungsbedingungenDie Beziehungen zwischen Hotelg\u00e4sten und Hoteliers werden durch das Gesetz 1652\/30-10-1986 (Artikel N.8) geregelt.Reservierungspolitik \/ Zahlungsarten:\u2022 Um eine Reservierung zu best\u00e4tigen, ist eine Vorauszahlung erforderlich\u2022 Die Vorauszahlung f\u00fcr die Best\u00e4tigung betr\u00e4gt 25% der Gesamtkosten (gem\u00e4\u00df Artikel N.2).\u2022 Die Vorauszahlung kann entweder auf ein Bankkonto oder auf unser Konto bei Western Union \u00fcberwiesen werden.\u2022 [&hellip;]<\/p>\n","protected":false},"author":1,"featured_media":0,"parent":0,"menu_order":0,"comment_status":"closed","ping_status":"closed","template":"","meta":{"_et_pb_use_builder":"on","_et_pb_old_content":"","_et_gb_content_width":"","footnotes":""},"class_list":["post-1016","page","type-page","status-publish","hentry"],"_links":{"self":[{"href":"https:\/\/villaioanna.com\/de\/wp-json\/wp\/v2\/pages\/1016","targetHints":{"allow":["GET"]}}],"collection":[{"href":"https:\/\/villaioanna.com\/de\/wp-json\/wp\/v2\/pages"}],"about":[{"href":"https:\/\/villaioanna.com\/de\/wp-json\/wp\/v2\/types\/page"}],"author":[{"embeddable":true,"href":"https:\/\/villaioanna.com\/de\/wp-json\/wp\/v2\/users\/1"}],"replies":[{"embeddable":true,"href":"https:\/\/villaioanna.com\/de\/wp-json\/wp\/v2\/comments?post=1016"}],"version-history":[{"count":5,"href":"https:\/\/villaioanna.com\/de\/wp-json\/wp\/v2\/pages\/1016\/revisions"}],"predecessor-version":[{"id":1420,"href":"https:\/\/villaioanna.com\/de\/wp-json\/wp\/v2\/pages\/1016\/revisions\/1420"}],"wp:attachment":[{"href":"https:\/\/villaioanna.com\/de\/wp-json\/wp\/v2\/media?parent=1016"}],"curies":[{"name":"wp","href":"https:\/\/api.w.org\/{rel}","templated":true}]}}