{"id":1007,"date":"2024-02-19T11:32:36","date_gmt":"2024-02-19T11:32:36","guid":{"rendered":"https:\/\/ioanna.notusreisen.de\/rodokipo-chalkidiki-4000-qm\/"},"modified":"2024-03-11T20:10:42","modified_gmt":"2024-03-11T20:10:42","slug":"rodokipo-chalkidiki-4000-qm","status":"publish","type":"page","link":"https:\/\/villaioanna.com\/de\/rodokipo-chalkidiki-4000-qm\/","title":{"rendered":"Rodokipo Chalkidiki 4000 qm."},"content":{"rendered":"<p>[et_pb_section fb_built=&#8220;1&#8243; fullwidth=&#8220;on&#8220; _builder_version=&#8220;4.21.0&#8243; _module_preset=&#8220;default&#8220; animation_style=&#8220;fold&#8220; global_colors_info=&#8220;{}&#8220;][et_pb_fullwidth_image src=&#8220;https:\/\/villaioanna.com\/wp-content\/uploads\/2024\/02\/real-1.png&#8220; alt=&#8220;Immobilien&#8220; title_text=&#8220;real&#8220; _builder_version=&#8220;4.21.0&#8243; _module_preset=&#8220;default&#8220; global_colors_info=&#8220;{}&#8220;][\/et_pb_fullwidth_image][\/et_pb_section][et_pb_section fb_built=&#8220;1&#8243; admin_label=&#8220;About&#8220; _builder_version=&#8220;4.21.0&#8243; _module_preset=&#8220;default&#8220; background_color=&#8220;gcid-f8656843-579e-485d-8831-5a7fce16306b&#8220; locked=&#8220;off&#8220; collapsed=&#8220;on&#8220; global_colors_info=&#8220;{%22gcid-f8656843-579e-485d-8831-5a7fce16306b%22:%91%22background_color%22%93}&#8220;][et_pb_row _builder_version=&#8220;4.22.0&#8243; _module_preset=&#8220;default&#8220; global_colors_info=&#8220;{}&#8220;][et_pb_column type=&#8220;4_4&#8243; _builder_version=&#8220;4.22.0&#8243; _module_preset=&#8220;default&#8220; global_colors_info=&#8220;{}&#8220;][et_pb_text _builder_version=&#8220;4.21.0&#8243; _module_preset=&#8220;c21cc7e4-a7a5-4632-a8b3-0e548b33865a&#8220; custom_margin=&#8220;||10px||false|false&#8220; custom_padding=&#8220;||0px|||&#8220; global_colors_info=&#8220;{}&#8220;]<\/p>\n<h2 class=\"entry-title\">Parzelle von 4000 qm. in Rodokipo Halkidiki zu verkaufen.<\/h2>\n<p>[\/et_pb_text][et_pb_image src=&#8220;https:\/\/villaioanna.com\/wp-content\/uploads\/2024\/02\/3.-Kenourgies-elies-1-1.jpg&#8220; alt=&#8220;Rodokipo&#8220; title_text=&#8220;3.-Kenourgies-elies-1 (1)&#8220; _builder_version=&#8220;4.21.0&#8243; _module_preset=&#8220;default&#8220; global_colors_info=&#8220;{}&#8220;][\/et_pb_image][et_pb_text _builder_version=&#8220;4.21.0&#8243; _module_preset=&#8220;default&#8220; global_colors_info=&#8220;{}&#8220;]<\/p>\n<p><span style=\"color: #ffffff;\">Standort &#8222;Kenourgies elies&#8220;, Gebiet mit au\u00dfergew\u00f6hnlich hoher Bebauung, Panoramaparzelle leicht zu nutzen, Front zur Stadtstra\u00dfe, bew\u00e4sserbar, leichte M\u00f6glichkeit der Stromversorgung, fantastischer Panoramablick auf die Thermaikos-Bucht, Entfernung von Thessaloniki: 40 km, Entfernung vom Meer: 3000 Meter, Entfernung vom Dorf Rodokipos: 1000 Meter, Entfernung von aktuellen H\u00e4usern: 500 Meter, Ausgezeichnete Qualit\u00e4t und Klarheit des Meeres, Einfacher Zugang zum Meer, Bebaubares Grundst\u00fcck, Unser Stadtplan, Ideales Grundst\u00fcck f\u00fcr Investitionen in der N\u00e4he der Stadt Thessaloniki. 40 Olivenb\u00e4ume Sorte von Chalkidiki, in der Parzelle enthalten. Verwaltungsm\u00e4\u00dfig geh\u00f6rt Rodokipos zur Gemeinde Propontidas (Moudanion-Kallikrateias).<\/span><\/p>\n<div><\/div>\n<p>[\/et_pb_text][et_pb_gallery gallery_ids=&#8220;273,274,275,276,277&#8243; show_title_and_caption=&#8220;off&#8220; show_pagination=&#8220;off&#8220; _builder_version=&#8220;4.21.0&#8243; _module_preset=&#8220;default&#8220; global_colors_info=&#8220;{}&#8220;][\/et_pb_gallery][\/et_pb_column][\/et_pb_row][\/et_pb_section][et_pb_section fb_built=&#8220;1&#8243; admin_label=&#8220;Footer Copyright&#8220; _builder_version=&#8220;4.22.0&#8243; _module_preset=&#8220;default&#8220; background_color=&#8220;#000000&#8243; custom_padding=&#8220;0px||0px||true|false&#8220; collapsed=&#8220;on&#8220; global_colors_info=&#8220;{}&#8220;][et_pb_row _builder_version=&#8220;4.22.0&#8243; _module_preset=&#8220;default&#8220; global_colors_info=&#8220;{}&#8220;][et_pb_column type=&#8220;4_4&#8243; _builder_version=&#8220;4.22.0&#8243; _module_preset=&#8220;default&#8220; global_colors_info=&#8220;{}&#8220;][et_pb_text _builder_version=&#8220;4.22.0&#8243; _dynamic_attributes=&#8220;content&#8220; _module_preset=&#8220;c3ffe61a-3a25-474b-8f5a-3bb335c0ef0b&#8220; text_orientation=&#8220;center&#8220; global_colors_info=&#8220;{}&#8220;]@ET-DC@eyJkeW5hbWljIjp0cnVlLCJjb250ZW50IjoiY3VycmVudF9kYXRlIiwic2V0dGluZ3MiOnsiYmVmb3JlIjoiQ29weXJpZ2h0IFx1MDBhOSAiLCJhZnRlciI6IiBEaXZpLiBBbGwgUmlnaHRzIFJlc2VydmVkLiIsImRhdGVfZm9ybWF0IjoiY3VzdG9tIiwiY3VzdG9tX2RhdGVfZm9ybWF0IjoiWSJ9fQ==@[\/et_pb_text][\/et_pb_column][\/et_pb_row][\/et_pb_section]<\/p>\n","protected":false},"excerpt":{"rendered":"<p>Parzelle von 4000 qm. in Rodokipo Halkidiki zu verkaufen.Standort &#8222;Kenourgies elies&#8220;, Gebiet mit au\u00dfergew\u00f6hnlich hoher Bebauung, Panoramaparzelle leicht zu nutzen, Front zur Stadtstra\u00dfe, bew\u00e4sserbar, leichte M\u00f6glichkeit der Stromversorgung, fantastischer Panoramablick auf die Thermaikos-Bucht, Entfernung von Thessaloniki: 40 km, Entfernung vom Meer: 3000 Meter, Entfernung vom Dorf Rodokipos: 1000 Meter, Entfernung von aktuellen H\u00e4usern: 500 Meter, [&hellip;]<\/p>\n","protected":false},"author":1,"featured_media":0,"parent":0,"menu_order":0,"comment_status":"closed","ping_status":"closed","template":"","meta":{"_et_pb_use_builder":"on","_et_pb_old_content":"","_et_gb_content_width":"","footnotes":""},"class_list":["post-1007","page","type-page","status-publish","hentry"],"_links":{"self":[{"href":"https:\/\/villaioanna.com\/de\/wp-json\/wp\/v2\/pages\/1007","targetHints":{"allow":["GET"]}}],"collection":[{"href":"https:\/\/villaioanna.com\/de\/wp-json\/wp\/v2\/pages"}],"about":[{"href":"https:\/\/villaioanna.com\/de\/wp-json\/wp\/v2\/types\/page"}],"author":[{"embeddable":true,"href":"https:\/\/villaioanna.com\/de\/wp-json\/wp\/v2\/users\/1"}],"replies":[{"embeddable":true,"href":"https:\/\/villaioanna.com\/de\/wp-json\/wp\/v2\/comments?post=1007"}],"version-history":[{"count":2,"href":"https:\/\/villaioanna.com\/de\/wp-json\/wp\/v2\/pages\/1007\/revisions"}],"predecessor-version":[{"id":1009,"href":"https:\/\/villaioanna.com\/de\/wp-json\/wp\/v2\/pages\/1007\/revisions\/1009"}],"wp:attachment":[{"href":"https:\/\/villaioanna.com\/de\/wp-json\/wp\/v2\/media?parent=1007"}],"curies":[{"name":"wp","href":"https:\/\/api.w.org\/{rel}","templated":true}]}}